{"id":9709,"date":"2023-06-15T12:27:53","date_gmt":"2023-06-15T12:27:53","guid":{"rendered":"https:\/\/mestizoproducciones.es\/?page_id=9709"},"modified":"2023-10-23T11:19:58","modified_gmt":"2023-10-23T11:19:58","slug":"accesibilidad","status":"publish","type":"page","link":"https:\/\/mestizoproducciones.es\/en\/accesibilidad\/","title":{"rendered":"Accessibility"},"content":{"rendered":"<a href=\"https:\/\/mestizoproducciones.es\/en\/landing-page\/\">\n\t\t\t\t\t\t\t<img loading=\"lazy\" decoding=\"async\" width=\"300\" height=\"88\" src=\"https:\/\/mestizoproducciones.es\/wp-content\/uploads\/2021\/11\/Mestizo-Producciones_bn-300x88.png\" alt=\"Mestizo Producciones\" \/>\t\t\t\t\t\t\t\t<\/a>\n\t\t\t<h2>ACCESIBILIDAD<\/h2>\t\t\n\t\t<p>Mestizo Producciones\u00a0 se ha comprometido a hacer accesible su sitio web de conformidad con el\u00a0 <a title=\"Real Decreto 1112\/2018, de 7 de septiembre, sobre accesibilidad de los sitios web y aplicaciones para dispositivos m\u00f3viles del sector p\u00fablico (Abre en nueva ventana)\" href=\"https:\/\/www.boe.es\/diario_boe\/txt.php?id=BOE-A-2018-12699\" target=\"_blank\" rel=\"noopener noreferrer\">Real Decreto 1112\/2018, de 7 de septiembre, sobre accesibilidad de los sitios web y aplicaciones para dispositivos m\u00f3viles del sector p\u00fablico<img decoding=\"async\" src=\"https:\/\/administracion.gob.es\/resources\/templating-kit\/themes\/pag\/img\/general\/icons\/ico_enlace.png\" alt=\"(Abre en nueva ventana)\" \/><\/a>\u00a0.<\/p><p>La presente declaraci\u00f3n de accesibilidad se aplica al sitio web mestizoproducciones.es , excluyendo los contenidos incrustados provenientes de otros dominios.<\/p><p>Este sitio web es\u00a0parcialmente conforme\u00a0con el\u00a0\u00a0<a title=\"RD 1112\/2018 (Abre en nueva ventana)\" href=\"https:\/\/www.boe.es\/buscar\/act.php?id=BOE-A-2018-12699\" target=\"_blank\" rel=\"noopener noreferrer\">RD 1112\/2018<img decoding=\"async\" src=\"https:\/\/administracion.gob.es\/resources\/templating-kit\/themes\/pag\/img\/general\/icons\/ico_enlace.png\" alt=\"(Abre en nueva ventana)\" \/><\/a>\u00a0,\u00a0debido a las excepciones y a la falta de conformidad de diferentes aspectos.<\/p><p>Con el fin de mejorar la experiencia relativa a la accesibilidad se ha instalado una herramienta presente en la parte derecha de la pantalla.<\/p>\t\t\n\t\t\t\t\t\t\t\t\t\t\t\t\t\t\t\t<a href=\"https:\/\/mestizoproducciones.es\/en\/landing-page\/\">\n\t\t\t\t\t\t\t<img loading=\"lazy\" decoding=\"async\" width=\"552\" height=\"162\" src=\"https:\/\/mestizoproducciones.es\/wp-content\/uploads\/2021\/11\/Mestizo-Producciones.png\" alt=\"Mestizo Producciones\" \/>\t\t\t\t\t\t\t\t<\/a>\n\t\t\t<a href=\"https:\/\/www.google.com\/maps\/place\/Cam.+Nogales,+318,+33203+Gij%C3%B3n,+Asturias\/@43.5371728,-5.6165433,17z\/data=!3m1!4b1!4m10!1m2!2m1!1sCamino+Nogales,+318+332063+-+Gij%C3%B3n!3m6!1s0xd367b07e091382b:0x4373e9fc75974b43!8m2!3d43.5371689!4d-5.6139684!15sCiNDYW1pbm8gTm9nYWxlcywgMzE4IDMzMjA2MyAtIEdpasOzbpIBEWNvbXBvdW5kX2J1aWxkaW5n4AEA!16s%2Fg%2F11c2df9cgz?entry=ttu\">\n\t\t\t\t\t\t<\/a>\n\t\t<p><a href=\"https:\/\/www.google.com\/maps\/place\/Cam.+Nogales,+318,+33203+Gij%C3%B3n,+Asturias\/@43.5371728,-5.6165433,17z\/data=!3m1!4b1!4m10!1m2!2m1!1sCamino+Nogales,+318+332063+-+Gij%C3%B3n!3m6!1s0xd367b07e091382b:0x4373e9fc75974b43!8m2!3d43.5371689!4d-5.6139684!15sCiNDYW1pbm8gTm9nYWxlcywgMzE4IDMzMjA2MyAtIEdpasOzbpIBEWNvbXBvdW5kX2J1aWxkaW5n4AEA!16s%2Fg%2F11c2df9cgz?entry=ttu\">Camino Nogales, 318<\/a><br \/><a href=\"https:\/\/www.google.com\/maps\/place\/Cam.+Nogales,+318,+33203+Gij%C3%B3n,+Asturias\/@43.5371728,-5.6165433,17z\/data=!3m1!4b1!4m10!1m2!2m1!1sCamino+Nogales,+318+332063+-+Gij%C3%B3n!3m6!1s0xd367b07e091382b:0x4373e9fc75974b43!8m2!3d43.5371689!4d-5.6139684!15sCiNDYW1pbm8gTm9nYWxlcywgMzE4IDMzMjA2MyAtIEdpasOzbpIBEWNvbXBvdW5kX2J1aWxkaW5n4AEA!16s%2Fg%2F11c2df9cgz?entry=ttu\">33203 - Gij\u00f3n<\/a><\/p>\t\t\n\t\t\t<a href=\"mailto:info@mestizoproducciones.es\">\n\t\t\t\t\t\t<\/a>\n\t\t<p><a href=\"mailto:info@mestizoproducciones.es\">info@mestizoproducciones.es<\/a><\/p>\t\t\n\t\t\t<a href=\"tel:984394141\">\n\t\t\t\t\t\t<\/a>\n\t\t<p><a href=\"tel:984294141\">984 394 141<\/a><\/p>\t\t\n\t\t<p><a href=\"https:\/\/mestizoproducciones.es\/en\/\">Home<\/a><\/p><p><a href=\"https:\/\/mestizoproducciones.es\/en\/noticias\/\">News<\/a><\/p><p><a href=\"https:\/\/mestizoproducciones.es\/en\/nosotros\/\">About us<\/a><\/p><p><a href=\"https:\/\/mestizoproducciones.es\/en\/proyectos\/\">Projects<\/a><\/p><p><a href=\"https:\/\/mestizoproducciones.es\/en\/servicios\/\">Services<\/a><\/p><p><a href=\"https:\/\/mestizoproducciones.es\/en\/multimedia\/\">Multimedia<\/a><\/p>\t\t\n\t\t<p><a href=\"https:\/\/mestizoproducciones.es\/en\/festivales\/\">Festivals<\/a><\/p><p><a href=\"https:\/\/entradas.mestizoproducciones.es\/\">Tickets<\/a><\/p><p><a href=\"https:\/\/gijonsoundfestival.com\/\">Gij\u00f3n Sound<\/a><\/p><p><a href=\"https:\/\/escenariosantander.es\/\">Escenario Santander<\/a><\/p><p><a href=\"https:\/\/lapipa.io\/\">La Pipa<\/a><\/p>\t\t\n\t\t<p><a href=\"https:\/\/mestizoproducciones.es\/en\/aviso-legal\/\">Legal Notice<\/a><\/p><p><a href=\"https:\/\/mestizoproducciones.es\/en\/accesibilidad\/\">Accessibility<\/a><\/p><p><a href=\"https:\/\/mestizoproducciones.es\/en\/politica-de-cookies-ue\/\">Pol\u00edtica de cookies (UE)<\/a><\/p><p><a href=\"https:\/\/mestizoproducciones.es\/sitemap_index.xml\">Sitemap<\/a><\/p><p><a href=\"https:\/\/mestizoproducciones.es\/en\/contacto\/\">Contact<\/a><\/p>\t\t\n\t\t\t\t\t<a href=\"https:\/\/www.facebook.com\/MestizoProducciones\" target=\"_blank\" rel=\"noopener\">\n\t\t\t\t\t\tFacebook\n\t\t\t\t\t\t\t\t\t\t\t<\/a>\n\t\t\t\t\t<a href=\"https:\/\/twitter.com\/MestizoMusica\" target=\"_blank\" rel=\"noopener\">\n\t\t\t\t\t\tTwitter\n\t\t\t\t\t\t\t\t\t\t\t<\/a>\n\t\t\t\t\t<a href=\"https:\/\/www.youtube.com\/channel\/UC9634_d3JoW1KAT0mhn2XzA\" target=\"_blank\" rel=\"noopener\">\n\t\t\t\t\t\tYoutube\n\t\t\t\t\t\t\t\t\t\t\t<\/a>\n\t\t\t\t\t<a href=\"https:\/\/www.instagram.com\/produccionesmestizo\/\" target=\"_blank\" rel=\"noopener\">\n\t\t\t\t\t\tInstagram\n\t\t\t\t\t\t\t\t\t\t\t<\/a>\n\t\t\t\t\t<a href=\"https:\/\/www.linkedin.com\/company-beta\/13268131\/\" target=\"_blank\" rel=\"noopener\">\n\t\t\t\t\t\tLinkedin\n\t\t\t\t\t\t\t\t\t\t\t<\/a>\n\t\t\t\t\t<a href=\"https:\/\/www.flickr.com\/photos\/mestizoprod\/\" target=\"_blank\" rel=\"noopener\">\n\t\t\t\t\t\tFlickr\n\t\t\t\t\t\t\t\t\t\t\t<\/a>\n\t\t<p><a href=\"https:\/\/www.i4life.es\/\">i4life innovaci\u00f3n y desarrollos SL<\/a> \u00a9 2023\u00a0<\/p>\t\t\n\t\t\t\t\t\t\t\t\t\t\t\t\t\t\t<img loading=\"lazy\" decoding=\"async\" width=\"1024\" height=\"56\" src=\"https:\/\/mestizoproducciones.es\/wp-content\/uploads\/2023\/06\/Logotipos_Materia_Publicitaria-e1686814573999-1024x56.jpg\" alt=\"Logotipos de la materia publicitaria\" \/>\t\t\t\t\t\t\t\t\t\t\t\t\t\t\t\n\t\t\t\t\t\t\t\t\t\t\t\t\t\t\t<img loading=\"lazy\" decoding=\"async\" width=\"1024\" height=\"651\" src=\"https:\/\/mestizoproducciones.es\/wp-content\/uploads\/2023\/06\/Logo-Consejeria-de-Ciencia-1024x651.jpg\" alt=\"Logo Consejer\u00eda de ciencia, innovaci\u00f3n y universidad de Asturias\" \/>","protected":false},"excerpt":{"rendered":"<p>ACCESIBILIDAD Mestizo Producciones\u00a0 se ha comprometido a hacer accesible su sitio web de conformidad con el\u00a0 Real Decreto 1112\/2018, de 7 de septiembre, sobre accesibilidad de los sitios web y aplicaciones para dispositivos m\u00f3viles del sector p\u00fablico\u00a0. La presente declaraci\u00f3n de accesibilidad se aplica al sitio web mestizoproducciones.es , excluyendo los contenidos incrustados provenientes de [&hellip;]<\/p>\n","protected":false},"author":5,"featured_media":7654,"parent":0,"menu_order":0,"comment_status":"closed","ping_status":"closed","template":"elementor_canvas","meta":{"footnotes":""},"class_list":["post-9709","page","type-page","status-publish","has-post-thumbnail","hentry"],"yoast_head":"<!-- This site is optimized with the Yoast SEO plugin v27.6 - https:\/\/yoast.com\/product\/yoast-seo-wordpress\/ -->\n<title>Mestizo Producciones<\/title>\n<meta name=\"description\" content=\"Producci\u00f3n, contrataci\u00f3n, representaci\u00f3n y comunicaci\u00f3n. Desde 1997 organizando conciertos. Vivimos por y para la m\u00fasica.\" \/>\n<meta name=\"robots\" content=\"index, follow, max-snippet:-1, max-image-preview:large, max-video-preview:-1\" \/>\n<link rel=\"canonical\" href=\"https:\/\/mestizoproducciones.es\/en\/accesibilidad\/\" \/>\n<meta property=\"og:locale\" content=\"en_GB\" \/>\n<meta property=\"og:type\" content=\"article\" \/>\n<meta property=\"og:title\" content=\"Mestizo Producciones\" \/>\n<meta property=\"og:description\" content=\"Producci\u00f3n, contrataci\u00f3n, representaci\u00f3n y comunicaci\u00f3n. Desde 1997 organizando conciertos. Vivimos por y para la m\u00fasica.\" \/>\n<meta property=\"og:url\" content=\"https:\/\/mestizoproducciones.es\/en\/accesibilidad\/\" \/>\n<meta property=\"og:site_name\" content=\"Mestizo Producciones\" \/>\n<meta property=\"article:publisher\" content=\"https:\/\/www.facebook.com\/Mestizo-Producciones-Gij%c3%b3n-67646475399\/?fref=ts\" \/>\n<meta property=\"article:modified_time\" content=\"2023-10-23T11:19:58+00:00\" \/>\n<meta property=\"og:image\" content=\"https:\/\/mestizoproducciones.es\/wp-content\/uploads\/2021\/10\/cropped-Avatar-2.png\" \/>\n\t<meta property=\"og:image:width\" content=\"512\" \/>\n\t<meta property=\"og:image:height\" content=\"512\" \/>\n\t<meta property=\"og:image:type\" content=\"image\/png\" \/>\n<meta name=\"twitter:card\" content=\"summary_large_image\" \/>\n<meta name=\"twitter:label1\" content=\"Estimated reading time\" \/>\n\t<meta name=\"twitter:data1\" content=\"2 minutes\" \/>\n<script type=\"application\/ld+json\" class=\"yoast-schema-graph\">{\"@context\":\"https:\\\/\\\/schema.org\",\"@graph\":[{\"@type\":\"WebPage\",\"@id\":\"https:\\\/\\\/mestizoproducciones.es\\\/accesibilidad\\\/\",\"url\":\"https:\\\/\\\/mestizoproducciones.es\\\/accesibilidad\\\/\",\"name\":\"Mestizo Producciones\",\"isPartOf\":{\"@id\":\"https:\\\/\\\/mestizoproducciones.es\\\/#website\"},\"primaryImageOfPage\":{\"@id\":\"https:\\\/\\\/mestizoproducciones.es\\\/accesibilidad\\\/#primaryimage\"},\"image\":{\"@id\":\"https:\\\/\\\/mestizoproducciones.es\\\/accesibilidad\\\/#primaryimage\"},\"thumbnailUrl\":\"https:\\\/\\\/mestizoproducciones.es\\\/wp-content\\\/uploads\\\/2021\\\/10\\\/cropped-Avatar-2.png\",\"datePublished\":\"2023-06-15T12:27:53+00:00\",\"dateModified\":\"2023-10-23T11:19:58+00:00\",\"description\":\"Producci\u00f3n, contrataci\u00f3n, representaci\u00f3n y comunicaci\u00f3n. Desde 1997 organizando conciertos. Vivimos por y para la m\u00fasica.\",\"breadcrumb\":{\"@id\":\"https:\\\/\\\/mestizoproducciones.es\\\/accesibilidad\\\/#breadcrumb\"},\"inLanguage\":\"en-GB\",\"potentialAction\":[{\"@type\":\"ReadAction\",\"target\":[\"https:\\\/\\\/mestizoproducciones.es\\\/accesibilidad\\\/\"]}]},{\"@type\":\"ImageObject\",\"inLanguage\":\"en-GB\",\"@id\":\"https:\\\/\\\/mestizoproducciones.es\\\/accesibilidad\\\/#primaryimage\",\"url\":\"https:\\\/\\\/mestizoproducciones.es\\\/wp-content\\\/uploads\\\/2021\\\/10\\\/cropped-Avatar-2.png\",\"contentUrl\":\"https:\\\/\\\/mestizoproducciones.es\\\/wp-content\\\/uploads\\\/2021\\\/10\\\/cropped-Avatar-2.png\",\"width\":512,\"height\":512,\"caption\":\"Mestizo Producciones\"},{\"@type\":\"BreadcrumbList\",\"@id\":\"https:\\\/\\\/mestizoproducciones.es\\\/accesibilidad\\\/#breadcrumb\",\"itemListElement\":[{\"@type\":\"ListItem\",\"position\":1,\"name\":\"Portada\",\"item\":\"https:\\\/\\\/mestizoproducciones.es\\\/\"},{\"@type\":\"ListItem\",\"position\":2,\"name\":\"Accesibilidad\"}]},{\"@type\":\"WebSite\",\"@id\":\"https:\\\/\\\/mestizoproducciones.es\\\/#website\",\"url\":\"https:\\\/\\\/mestizoproducciones.es\\\/\",\"name\":\"Mestizo Producciones\",\"description\":\"Producci\u00f3n, contrataci\u00f3n, representaci\u00f3n y comunicaci\u00f3n. Desde 1997.\",\"potentialAction\":[{\"@type\":\"SearchAction\",\"target\":{\"@type\":\"EntryPoint\",\"urlTemplate\":\"https:\\\/\\\/mestizoproducciones.es\\\/?s={search_term_string}\"},\"query-input\":{\"@type\":\"PropertyValueSpecification\",\"valueRequired\":true,\"valueName\":\"search_term_string\"}}],\"inLanguage\":\"en-GB\"}]}<\/script>\n<!-- \/ Yoast SEO plugin. -->","yoast_head_json":{"title":"Mestizo Producciones","description":"Producci\u00f3n, contrataci\u00f3n, representaci\u00f3n y comunicaci\u00f3n. Desde 1997 organizando conciertos. Vivimos por y para la m\u00fasica.","robots":{"index":"index","follow":"follow","max-snippet":"max-snippet:-1","max-image-preview":"max-image-preview:large","max-video-preview":"max-video-preview:-1"},"canonical":"https:\/\/mestizoproducciones.es\/en\/accesibilidad\/","og_locale":"en_GB","og_type":"article","og_title":"Mestizo Producciones","og_description":"Producci\u00f3n, contrataci\u00f3n, representaci\u00f3n y comunicaci\u00f3n. Desde 1997 organizando conciertos. Vivimos por y para la m\u00fasica.","og_url":"https:\/\/mestizoproducciones.es\/en\/accesibilidad\/","og_site_name":"Mestizo Producciones","article_publisher":"https:\/\/www.facebook.com\/Mestizo-Producciones-Gij%c3%b3n-67646475399\/?fref=ts","article_modified_time":"2023-10-23T11:19:58+00:00","og_image":[{"width":512,"height":512,"url":"https:\/\/mestizoproducciones.es\/wp-content\/uploads\/2021\/10\/cropped-Avatar-2.png","type":"image\/png"}],"twitter_card":"summary_large_image","twitter_misc":{"Estimated reading time":"2 minutes"},"schema":{"@context":"https:\/\/schema.org","@graph":[{"@type":"WebPage","@id":"https:\/\/mestizoproducciones.es\/accesibilidad\/","url":"https:\/\/mestizoproducciones.es\/accesibilidad\/","name":"Mestizo Producciones","isPartOf":{"@id":"https:\/\/mestizoproducciones.es\/#website"},"primaryImageOfPage":{"@id":"https:\/\/mestizoproducciones.es\/accesibilidad\/#primaryimage"},"image":{"@id":"https:\/\/mestizoproducciones.es\/accesibilidad\/#primaryimage"},"thumbnailUrl":"https:\/\/mestizoproducciones.es\/wp-content\/uploads\/2021\/10\/cropped-Avatar-2.png","datePublished":"2023-06-15T12:27:53+00:00","dateModified":"2023-10-23T11:19:58+00:00","description":"Producci\u00f3n, contrataci\u00f3n, representaci\u00f3n y comunicaci\u00f3n. Desde 1997 organizando conciertos. Vivimos por y para la m\u00fasica.","breadcrumb":{"@id":"https:\/\/mestizoproducciones.es\/accesibilidad\/#breadcrumb"},"inLanguage":"en-GB","potentialAction":[{"@type":"ReadAction","target":["https:\/\/mestizoproducciones.es\/accesibilidad\/"]}]},{"@type":"ImageObject","inLanguage":"en-GB","@id":"https:\/\/mestizoproducciones.es\/accesibilidad\/#primaryimage","url":"https:\/\/mestizoproducciones.es\/wp-content\/uploads\/2021\/10\/cropped-Avatar-2.png","contentUrl":"https:\/\/mestizoproducciones.es\/wp-content\/uploads\/2021\/10\/cropped-Avatar-2.png","width":512,"height":512,"caption":"Mestizo Producciones"},{"@type":"BreadcrumbList","@id":"https:\/\/mestizoproducciones.es\/accesibilidad\/#breadcrumb","itemListElement":[{"@type":"ListItem","position":1,"name":"Portada","item":"https:\/\/mestizoproducciones.es\/"},{"@type":"ListItem","position":2,"name":"Accesibilidad"}]},{"@type":"WebSite","@id":"https:\/\/mestizoproducciones.es\/#website","url":"https:\/\/mestizoproducciones.es\/","name":"Mestizo Producciones","description":"Producci\u00f3n, contrataci\u00f3n, representaci\u00f3n y comunicaci\u00f3n. Desde 1997.","potentialAction":[{"@type":"SearchAction","target":{"@type":"EntryPoint","urlTemplate":"https:\/\/mestizoproducciones.es\/?s={search_term_string}"},"query-input":{"@type":"PropertyValueSpecification","valueRequired":true,"valueName":"search_term_string"}}],"inLanguage":"en-GB"}]}},"rttpg_featured_image_url":{"full":["https:\/\/mestizoproducciones.es\/wp-content\/uploads\/2021\/10\/cropped-Avatar-2.png",512,512,false],"landscape":["https:\/\/mestizoproducciones.es\/wp-content\/uploads\/2021\/10\/cropped-Avatar-2.png",512,512,false],"portraits":["https:\/\/mestizoproducciones.es\/wp-content\/uploads\/2021\/10\/cropped-Avatar-2.png",512,512,false],"thumbnail":["https:\/\/mestizoproducciones.es\/wp-content\/uploads\/2021\/10\/cropped-Avatar-2-150x150.png",150,150,true],"medium":["https:\/\/mestizoproducciones.es\/wp-content\/uploads\/2021\/10\/cropped-Avatar-2-300x300.png",300,300,true],"large":["https:\/\/mestizoproducciones.es\/wp-content\/uploads\/2021\/10\/cropped-Avatar-2.png",512,512,false],"1536x1536":["https:\/\/mestizoproducciones.es\/wp-content\/uploads\/2021\/10\/cropped-Avatar-2.png",512,512,false],"2048x2048":["https:\/\/mestizoproducciones.es\/wp-content\/uploads\/2021\/10\/cropped-Avatar-2.png",512,512,false],"trp-custom-language-flag":["https:\/\/mestizoproducciones.es\/wp-content\/uploads\/2021\/10\/cropped-Avatar-2.png",12,12,false],"post-thumbnail":["https:\/\/mestizoproducciones.es\/wp-content\/uploads\/2021\/10\/cropped-Avatar-2.png",512,512,false],"advps-thumb-one":["https:\/\/mestizoproducciones.es\/wp-content\/uploads\/2021\/10\/cropped-Avatar-2-512x220.png",512,220,true]},"rttpg_author":{"display_name":"i4life Tecnolog\u00eda y Desarrollo","author_link":"https:\/\/mestizoproducciones.es\/en\/author\/i4life\/"},"rttpg_comment":0,"rttpg_category":null,"rttpg_excerpt":"ACCESIBILIDAD Mestizo Producciones\u00a0 se ha comprometido a hacer accesible su sitio web de conformidad con el\u00a0 Real Decreto 1112\/2018, de 7 de septiembre, sobre accesibilidad de los sitios web y aplicaciones para dispositivos m\u00f3viles del sector p\u00fablico\u00a0. La presente declaraci\u00f3n de accesibilidad se aplica al sitio web mestizoproducciones.es , excluyendo los contenidos incrustados provenientes de&hellip;","_links":{"self":[{"href":"https:\/\/mestizoproducciones.es\/en\/wp-json\/wp\/v2\/pages\/9709","targetHints":{"allow":["GET"]}}],"collection":[{"href":"https:\/\/mestizoproducciones.es\/en\/wp-json\/wp\/v2\/pages"}],"about":[{"href":"https:\/\/mestizoproducciones.es\/en\/wp-json\/wp\/v2\/types\/page"}],"author":[{"embeddable":true,"href":"https:\/\/mestizoproducciones.es\/en\/wp-json\/wp\/v2\/users\/5"}],"replies":[{"embeddable":true,"href":"https:\/\/mestizoproducciones.es\/en\/wp-json\/wp\/v2\/comments?post=9709"}],"version-history":[{"count":13,"href":"https:\/\/mestizoproducciones.es\/en\/wp-json\/wp\/v2\/pages\/9709\/revisions"}],"predecessor-version":[{"id":10311,"href":"https:\/\/mestizoproducciones.es\/en\/wp-json\/wp\/v2\/pages\/9709\/revisions\/10311"}],"wp:featuredmedia":[{"embeddable":true,"href":"https:\/\/mestizoproducciones.es\/en\/wp-json\/wp\/v2\/media\/7654"}],"wp:attachment":[{"href":"https:\/\/mestizoproducciones.es\/en\/wp-json\/wp\/v2\/media?parent=9709"}],"curies":[{"name":"wp","href":"https:\/\/api.w.org\/{rel}","templated":true}]}}