{"id":9445,"date":"2023-06-14T10:55:03","date_gmt":"2023-06-14T10:55:03","guid":{"rendered":"https:\/\/mestizoproducciones.es\/?page_id=9445"},"modified":"2025-01-14T10:42:39","modified_gmt":"2025-01-14T10:42:39","slug":"proyectos","status":"publish","type":"page","link":"https:\/\/mestizoproducciones.es\/en\/proyectos\/","title":{"rendered":"Projects"},"content":{"rendered":"<a href=\"https:\/\/mestizoproducciones.es\/en\/landing-page\/\">\n\t\t\t\t\t\t\t<img decoding=\"async\" width=\"300\" height=\"88\" src=\"https:\/\/mestizoproducciones.es\/wp-content\/uploads\/2021\/11\/Mestizo-Producciones_bn-300x88.png\" alt=\"Mestizo Producciones\" \/>\t\t\t\t\t\t\t\t<\/a>\n\t\t\t\t\t<style>\n                        @media screen and (max-width: 2399px) {\n                            .eael-hamburger--desktop {\n                                .eael-simple-menu-horizontal,\n                                .eael-simple-menu-vertical {\n                                    display: none;\n                                }\n                            }\n                            .eael-hamburger--desktop {\n                                .eael-simple-menu-container .eael-simple-menu-toggle {\n                                    display: block;\n                                }\n                            }\n                        }\n                    <\/style>            \n                <ul id=\"menu-menu-hamburguesa-2\"><li><a href=\"https:\/\/mestizoproducciones.es\/en\/\">Home<\/a><\/li>\n<li><a href=\"https:\/\/mestizoproducciones.es\/en\/noticias\/\">News<\/a><\/li>\n<li><a href=\"https:\/\/mestizoproducciones.es\/en\/nosotros\/\">About us<\/a><\/li>\n<li><a href=\"https:\/\/mestizoproducciones.es\/en\/proyectos\/\">Projects<\/a><\/li>\n<li><a href=\"https:\/\/mestizoproducciones.es\/en\/servicios\/\">Services<\/a><\/li>\n<li><a href=\"https:\/\/mestizoproducciones.es\/en\/multimedia\/\">Multimedia<\/a><\/li>\n<li><a href=\"https:\/\/entradas.mestizoproducciones.es\/web\/?menu=36&#038;pagina=&#038;siteID=mestizoproducciones\">Tickets<\/a><\/li>\n<\/ul>                <button>\n                    Men\u00fa conmutador hamburguesa\n                                    <\/button>\n\t\t\t\t\t\t\t\t\t\t\t\t\t\t\t\t<a href=\"https:\/\/gijonsoundfestival.com\/\">\n\t\t\t\t\t\t\t<img fetchpriority=\"high\" decoding=\"async\" width=\"1024\" height=\"510\" src=\"https:\/\/mestizoproducciones.es\/wp-content\/uploads\/2023\/06\/Gijon-Sound-1024x510.png\" alt=\"Logo Gij\u00f3n sound\" \/>\t\t\t\t\t\t\t\t<\/a>\n\t\t<p>Creemos en el poder transformador de la cultura. Las ciudades en constante cambio. Su materia prima,&nbsp; las ideas.&nbsp;<\/p>\n<p>Afrontamos el futuro desde la colaboraci\u00f3n. Pensamos en un futuro diferente, innovador, inclusivo, participativo, comprometido y sostenible.<\/p>\n<p>Identidad, cooperaci\u00f3n, sostenibilidad, esfuerzo, creatividad, innovaci\u00f3n, potenciaci\u00f3n y desarrollo del territorio son los VALORES por los que apostamos desde Gij\u00f3n Sound.<\/p>\n<p>Somos una plataforma de experiencias,&nbsp;colaboramos y nos inspiramos en diferentes entes, instituciones, empresas y colectivos de la ciudad&nbsp; buscando de manera conjunta soluciones y propuestas a nuevos retos.<\/p><p><a href=\"https:\/\/lapipa.io\/\">LA PIPA<\/a> es un proyecto internacional y sin \u00e1nimo de lucro en Somi\u00f3, Gij\u00f3n, Asturias.<\/p><p>Es un lugar que conecta personas de todo tipo con el fin de compartir conocimiento, aprendizajes e intentar mejorar el presente de Asturias, Espa\u00f1a, Europa y el resto del planeta usando la tecnolog\u00eda, digitalizaci\u00f3n y la IA como herramientas al servicio de las personas.<\/p><p><b>People - Planet - Purpose - Non-Profit<\/b><\/p><p>Es una nueva forma de entender los negocios y las relaciones entre compa\u00f1\u00edas basada en la confianza, el conocimiento, la colaboraci\u00f3n y la ciencia que pretende ofrecer un entorno que facilite la gesti\u00f3n del cambio acelerado que vivimos las personas, acercando la Ciencia del Dato, Tecnolog\u00eda, Inteligencia Artificial, la Cultura, las Capacidades de Comunicaci\u00f3n, Medios, Marketing Modernos y el Conocimiento Transversal a cualquier \u00e1mbito de la vida y de la empresa.<\/p>\t\t\n\t\t\t\t\t\t\t\t\t\t\t\t\t\t\t\t<a href=\"https:\/\/lapipa.io\/\">\n\t\t\t\t\t\t\t<img decoding=\"async\" width=\"1024\" height=\"1024\" src=\"https:\/\/mestizoproducciones.es\/wp-content\/uploads\/2023\/06\/pipa-1024x1024.png\" alt=\"Logo La Pipa\" \/>\t\t\t\t\t\t\t\t<\/a>\n\t\t\t\t\t<h2>S\u00fabterranea<\/h2>\t\t\t\t\n\t\t<p>Nuestra contribuci\u00f3n personal a la modernizaci\u00f3n de la m\u00fasica.<\/p><p>Promovemos y facilitamos la generaci\u00f3n de espacios dotados con una moderna infraestructura que permite grabar y generar contenidos audiovisuales atractivos y de alta calidad atendiendo la tendencia creciente de consumo de recursos multimedia por internet.<\/p>\t\t\n\t\t\t\t\t<a href=\"https:\/\/open.spotify.com\/show\/1iR7XmZNui3OZxVqZ7NgF1\">\n\t\t\t\t\t\t\t\t\tDescubrir m\u00e1s\n\t\t\t\t\t<\/a>\n\t\t\t\t\t<h2>S\u00fabterranea @ LAPIPA<\/h2>\t\t\t\t\n\t\t\t\t\t<iframe src='https:\/\/vimeo.com\/showcase\/10396747\/embed' allowfullscreen frameborder='0' style='position:absolute;top:0;left:0;width:100%;height:100%;'><\/iframe>\t\t\t\t\n\t\t\t\t\t<h2>COLOSAL<\/h2>\t\t\t\t\n\t\t<p>Nuestra contribuci\u00f3n personal a la modernizaci\u00f3n de la m\u00fasica.<\/p><p>Promovemos y facilitamos la generaci\u00f3n de espacios dotados con una moderna infraestructura que permite grabar y generar contenidos audiovisuales atractivos y de alta calidad atendiendo la tendencia creciente de consumo de recursos multimedia por internet.<\/p>\t\t\n\t\t\t\t\t<a href=\"https:\/\/mestizoproducciones.es\/en\/colosal\/\">\n\t\t\t\t\t\t\t\t\tDescubrir m\u00e1s\n\t\t\t\t\t<\/a>\n\t\t<div class=\"ose-youtube ose-uid-9bd8f1227e5ecc07b593cedc7cc6b2b1 ose-embedpress-responsive\" style=\"width:600px; height:600px; max-height:600px; max-width:100%; display:inline-block;\" data-embed-type=\"Youtube\"><iframe allowfullscreen title=\"Yann Tiersen Sala Albeniz encore. Gij\u00f3n 2024\" width=\"600\" height=\"600\" src=\"https:\/\/www.youtube.com\/embed\/XEUoCR77Xz4?feature=oembed\" frameborder=\"0\" allow=\"accelerometer; encrypted-media;accelerometer;autoplay;clipboard-write;gyroscope;picture-in-picture clipboard-write; encrypted-media; gyroscope; picture-in-picture; web-share\" referrerpolicy=\"strict-origin-when-cross-origin\"><\/iframe><\/div>\t\t\n\t\t\t\t\t<h2>PROYECTOS FINANCIADOS<\/h2>\t\t\t\t\n\t\t\t\t\t\t\t\t\t\t\t\t\t\t\t<img loading=\"lazy\" decoding=\"async\" width=\"1024\" height=\"698\" src=\"https:\/\/mestizoproducciones.es\/wp-content\/uploads\/2023\/06\/Captura-de-pantalla-2023-06-15-a-las-9.28.42-1024x698.png\" alt=\"Cartel de la Consejer\u00eda de ciencia, innovaci\u00f3n y universidad de Asturias sobre la Transformaci\u00f3n digital de la industria musical\" \/>\t\t\t\t\t\t\t\t\t\t\t\t\t\t\t\n\t\t\t\t\t<h2>Gij\u00f3n de muestra<\/h2>\t\t\t\t\n\t\t<p>Apoyado por Consejer\u00eda de Ciencia e Innovaci\u00f3n del Gobierno del Principado de Asturias<\/p><p>Gij\u00f3n DeMuestra<\/p><p>Tuvo lugar el Jueves 20 de abril<\/p><p>LUGAR: Centro Municipal de El Coto 17:30 h. Entrada Gratuita<\/p><p>Gij\u00f3n DeMuestra, es una de las actividades paralelas a la m\u00fasica que se celebran en el Gij\u00f3n Sound Festival. Siempre hemos considerado a la cultura como poder transformador de la ciudad, en un mundo donde est\u00e1n en constante cambio.<\/p><p><a href=\"https:\/\/youtu.be\/r5DhZBE3MXQ\">Matt Humphrey \u2013 \u00abComo crear valor con los NFTs\u00bb<\/a><\/p><p><a href=\"https:\/\/youtu.be\/k7ru4DkGIqQ\">Ron Evans \u2013 \u00abEsta m\u00e1quina siempre miente: verdad y ficci\u00f3n en la era del aprendizaje autom\u00e1tico\u00bb<\/a><\/p>\t\t\n\t\t\t\t\t\t\t\t\t\t\t\t\t\t\t<img loading=\"lazy\" decoding=\"async\" width=\"1024\" height=\"678\" src=\"https:\/\/mestizoproducciones.es\/wp-content\/uploads\/2023\/07\/inaem2-1024x678.png\" alt=\"inaem\" \/>\t\t\t\t\t\t\t\t\t\t\t\t\t\t\t\n\t\t\t\t\t<h2>Inaem. Digitalizaci\u00f3n de Contenidos: Mestizo Virtual<\/h2>\t\t\t\t\n\t\t<p style=\"font-weight: 400;\">MESTIZO VIRTUAL<\/p><p style=\"font-weight: 400;\">Subvencionado por el Ministerio de Cultura y Deporte.<\/p><p style=\"font-weight: 400;\">Espacio para la creaci\u00f3n de contenidos audiovisuales y de reproducci\u00f3n con tecnolog\u00eda de streaming para la industria musical, cultural y creativa.<\/p><p><a href=\"https:\/\/vimeo.com\/821875322?share=copy\">Gij\u00f3n DeMuestra <b>N\u00f3madas Digitales<\/b><\/a><\/p><p><a href=\"https:\/\/vimeo.com\/832626559?share=copy\"><b>Resumen Gij\u00f3n Sound Festival 2023<\/b><\/a><\/p><p><a href=\"https:\/\/vimeo.com\/showcase\/subterranea\"><b>S\u00fabterranea@LAPIPA<\/b><\/a><\/p>\t\t\n\t\t\t\t\t\t\t\t\t\t\t\t\t\t\t<img loading=\"lazy\" decoding=\"async\" width=\"946\" height=\"257\" src=\"https:\/\/mestizoproducciones.es\/wp-content\/uploads\/2023\/06\/logo_KD.png\" alt=\"Logo Kit Digital\" \/>\t\t\t\t\t\t\t\t\t\t\t\t\t\t\t\n\t\t\t\t\t<h2>KIT DIGITAL<\/h2>\t\t\t\t\n\t\t<p><b>Desarrollo de la nueva web\u00a0 de Mestizo Producciones<\/b><\/p><p>mestizoproducciones.es<\/p>\t\t\n\t\t\t\t\t\t\t\t\t\t\t\t\t\t\t\t<a href=\"https:\/\/mestizoproducciones.es\/en\/landing-page\/\">\n\t\t\t\t\t\t\t<img loading=\"lazy\" decoding=\"async\" width=\"552\" height=\"162\" src=\"https:\/\/mestizoproducciones.es\/wp-content\/uploads\/2021\/11\/Mestizo-Producciones.png\" alt=\"Mestizo Producciones\" \/>\t\t\t\t\t\t\t\t<\/a>\n\t\t\t<a href=\"https:\/\/www.google.com\/maps\/place\/Cam.+Nogales,+318,+33203+Gij%C3%B3n,+Asturias\/@43.5371728,-5.6165433,17z\/data=!3m1!4b1!4m10!1m2!2m1!1sCamino+Nogales,+318+332063+-+Gij%C3%B3n!3m6!1s0xd367b07e091382b:0x4373e9fc75974b43!8m2!3d43.5371689!4d-5.6139684!15sCiNDYW1pbm8gTm9nYWxlcywgMzE4IDMzMjA2MyAtIEdpasOzbpIBEWNvbXBvdW5kX2J1aWxkaW5n4AEA!16s%2Fg%2F11c2df9cgz?entry=ttu\">\n\t\t\t\t\t\t<\/a>\n\t\t<p><a href=\"https:\/\/www.google.com\/maps\/place\/Cam.+Nogales,+318,+33203+Gij%C3%B3n,+Asturias\/@43.5371728,-5.6165433,17z\/data=!3m1!4b1!4m10!1m2!2m1!1sCamino+Nogales,+318+332063+-+Gij%C3%B3n!3m6!1s0xd367b07e091382b:0x4373e9fc75974b43!8m2!3d43.5371689!4d-5.6139684!15sCiNDYW1pbm8gTm9nYWxlcywgMzE4IDMzMjA2MyAtIEdpasOzbpIBEWNvbXBvdW5kX2J1aWxkaW5n4AEA!16s%2Fg%2F11c2df9cgz?entry=ttu\">Camino Nogales, 318<\/a><br \/><a href=\"https:\/\/www.google.com\/maps\/place\/Cam.+Nogales,+318,+33203+Gij%C3%B3n,+Asturias\/@43.5371728,-5.6165433,17z\/data=!3m1!4b1!4m10!1m2!2m1!1sCamino+Nogales,+318+332063+-+Gij%C3%B3n!3m6!1s0xd367b07e091382b:0x4373e9fc75974b43!8m2!3d43.5371689!4d-5.6139684!15sCiNDYW1pbm8gTm9nYWxlcywgMzE4IDMzMjA2MyAtIEdpasOzbpIBEWNvbXBvdW5kX2J1aWxkaW5n4AEA!16s%2Fg%2F11c2df9cgz?entry=ttu\">33203 - Gij\u00f3n<\/a><\/p>\t\t\n\t\t\t<a href=\"mailto:info@mestizoproducciones.es\">\n\t\t\t\t\t\t<\/a>\n\t\t<p><a href=\"mailto:info@mestizoproducciones.es\">info@mestizoproducciones.es<\/a><\/p>\t\t\n\t\t\t<a href=\"tel:984394141\">\n\t\t\t\t\t\t<\/a>\n\t\t<p><a href=\"tel:984294141\">984 394 141<\/a><\/p>\t\t\n\t\t<p><a href=\"https:\/\/mestizoproducciones.es\/en\/\">Home<\/a><\/p><p><a href=\"https:\/\/mestizoproducciones.es\/en\/noticias\/\">News<\/a><\/p><p><a href=\"https:\/\/mestizoproducciones.es\/en\/nosotros\/\">About us<\/a><\/p><p><a href=\"https:\/\/mestizoproducciones.es\/en\/proyectos\/\">Projects<\/a><\/p><p><a href=\"https:\/\/mestizoproducciones.es\/en\/servicios\/\">Services<\/a><\/p><p><a href=\"https:\/\/mestizoproducciones.es\/en\/multimedia\/\">Multimedia<\/a><\/p>\t\t\n\t\t<p><a href=\"https:\/\/mestizoproducciones.es\/en\/festivales\/\">Festivals<\/a><\/p><p><a href=\"https:\/\/entradas.mestizoproducciones.es\/\">Tickets<\/a><\/p><p><a href=\"https:\/\/gijonsoundfestival.com\/\">Gij\u00f3n Sound<\/a><\/p><p><a href=\"https:\/\/escenariosantander.es\/\">Escenario Santander<\/a><\/p><p><a href=\"https:\/\/lapipa.io\/\">La Pipa<\/a><\/p>\t\t\n\t\t<p><a href=\"https:\/\/mestizoproducciones.es\/en\/aviso-legal\/\">Legal Notice<\/a><\/p><p><a href=\"https:\/\/mestizoproducciones.es\/en\/accesibilidad\/\">Accessibility<\/a><\/p><p><a href=\"https:\/\/mestizoproducciones.es\/en\/politica-de-cookies-ue\/\">Pol\u00edtica de cookies (UE)<\/a><\/p><p><a href=\"https:\/\/mestizoproducciones.es\/sitemap_index.xml\">Sitemap<\/a><\/p><p><a href=\"https:\/\/mestizoproducciones.es\/en\/contacto\/\">Contact<\/a><\/p>\t\t\n\t\t\t\t\t<a href=\"https:\/\/www.facebook.com\/MestizoProducciones\" target=\"_blank\" rel=\"noopener\">\n\t\t\t\t\t\tFacebook\n\t\t\t\t\t\t\t\t\t\t\t<\/a>\n\t\t\t\t\t<a href=\"https:\/\/twitter.com\/MestizoMusica\" target=\"_blank\" rel=\"noopener\">\n\t\t\t\t\t\tTwitter\n\t\t\t\t\t\t\t\t\t\t\t<\/a>\n\t\t\t\t\t<a href=\"https:\/\/www.youtube.com\/channel\/UC9634_d3JoW1KAT0mhn2XzA\" target=\"_blank\" rel=\"noopener\">\n\t\t\t\t\t\tYoutube\n\t\t\t\t\t\t\t\t\t\t\t<\/a>\n\t\t\t\t\t<a href=\"https:\/\/www.instagram.com\/produccionesmestizo\/\" target=\"_blank\" rel=\"noopener\">\n\t\t\t\t\t\tInstagram\n\t\t\t\t\t\t\t\t\t\t\t<\/a>\n\t\t\t\t\t<a href=\"https:\/\/www.linkedin.com\/company-beta\/13268131\/\" target=\"_blank\" rel=\"noopener\">\n\t\t\t\t\t\tLinkedin\n\t\t\t\t\t\t\t\t\t\t\t<\/a>\n\t\t\t\t\t<a href=\"https:\/\/www.flickr.com\/photos\/mestizoprod\/\" target=\"_blank\" rel=\"noopener\">\n\t\t\t\t\t\tFlickr\n\t\t\t\t\t\t\t\t\t\t\t<\/a>\n\t\t<p><a href=\"https:\/\/www.i4life.es\/\">i4life innovaci\u00f3n y desarrollos SL<\/a> \u00a9 2023\u00a0<\/p>\t\t\n\t\t\t\t\t\t\t\t\t\t\t\t\t\t\t<img loading=\"lazy\" decoding=\"async\" width=\"1024\" height=\"56\" src=\"https:\/\/mestizoproducciones.es\/wp-content\/uploads\/2023\/06\/Logotipos_Materia_Publicitaria-e1686814573999-1024x56.jpg\" alt=\"Logotipos de la materia publicitaria\" \/>\t\t\t\t\t\t\t\t\t\t\t\t\t\t\t\n\t\t\t\t\t\t\t\t\t\t\t\t\t\t\t<img loading=\"lazy\" decoding=\"async\" width=\"1024\" height=\"651\" src=\"https:\/\/mestizoproducciones.es\/wp-content\/uploads\/2023\/06\/Logo-Consejeria-de-Ciencia-1024x651.jpg\" alt=\"Logo Consejer\u00eda de ciencia, innovaci\u00f3n y universidad de Asturias\" \/>","protected":false},"excerpt":{"rendered":"<p>Inicio Noticias Nosotros Proyectos Servicios Multimedia Entradas Men\u00fa conmutador hamburguesa Creemos en el poder transformador de la cultura. Las ciudades en constante cambio. Su materia prima,&nbsp; las ideas.&nbsp; Afrontamos el futuro desde la colaboraci\u00f3n. Pensamos en un futuro diferente, innovador, inclusivo, participativo, comprometido y sostenible. Identidad, cooperaci\u00f3n, sostenibilidad, esfuerzo, creatividad, innovaci\u00f3n, potenciaci\u00f3n y desarrollo del [&hellip;]<\/p>\n","protected":false},"author":5,"featured_media":0,"parent":0,"menu_order":0,"comment_status":"closed","ping_status":"closed","template":"elementor_canvas","meta":{"footnotes":""},"class_list":["post-9445","page","type-page","status-publish","hentry"],"yoast_head":"<!-- This site is optimized with the Yoast SEO plugin v27.6 - https:\/\/yoast.com\/product\/yoast-seo-wordpress\/ -->\n<title>Proyectos - Mestizo Producciones<\/title>\n<meta name=\"description\" content=\"Puedes consultar todos los proyectos en los que hemos trabajado en nuestra p\u00e1gina especialmente habilitada para ello.\" \/>\n<meta name=\"robots\" content=\"index, follow, max-snippet:-1, max-image-preview:large, max-video-preview:-1\" \/>\n<link rel=\"canonical\" href=\"https:\/\/mestizoproducciones.es\/en\/proyectos\/\" \/>\n<meta property=\"og:locale\" content=\"en_GB\" \/>\n<meta property=\"og:type\" content=\"article\" \/>\n<meta property=\"og:title\" content=\"Proyectos - Mestizo Producciones\" \/>\n<meta property=\"og:description\" content=\"Puedes consultar todos los proyectos en los que hemos trabajado en nuestra p\u00e1gina especialmente habilitada para ello.\" \/>\n<meta property=\"og:url\" content=\"https:\/\/mestizoproducciones.es\/en\/proyectos\/\" \/>\n<meta property=\"og:site_name\" content=\"Mestizo Producciones\" \/>\n<meta property=\"article:publisher\" content=\"https:\/\/www.facebook.com\/Mestizo-Producciones-Gij%c3%b3n-67646475399\/?fref=ts\" \/>\n<meta property=\"article:modified_time\" content=\"2025-01-14T10:42:39+00:00\" \/>\n<meta property=\"og:image\" content=\"https:\/\/mestizoproducciones.es\/wp-content\/uploads\/2021\/11\/Mestizo-Producciones_bn-300x88.png\" \/>\n<meta name=\"twitter:card\" content=\"summary_large_image\" \/>\n<meta name=\"twitter:label1\" content=\"Estimated reading time\" \/>\n\t<meta name=\"twitter:data1\" content=\"5 minutes\" \/>\n<script type=\"application\/ld+json\" class=\"yoast-schema-graph\">{\"@context\":\"https:\\\/\\\/schema.org\",\"@graph\":[{\"@type\":\"WebPage\",\"@id\":\"https:\\\/\\\/mestizoproducciones.es\\\/proyectos\\\/\",\"url\":\"https:\\\/\\\/mestizoproducciones.es\\\/proyectos\\\/\",\"name\":\"Proyectos - Mestizo Producciones\",\"isPartOf\":{\"@id\":\"https:\\\/\\\/mestizoproducciones.es\\\/#website\"},\"primaryImageOfPage\":{\"@id\":\"https:\\\/\\\/mestizoproducciones.es\\\/proyectos\\\/#primaryimage\"},\"image\":{\"@id\":\"https:\\\/\\\/mestizoproducciones.es\\\/proyectos\\\/#primaryimage\"},\"thumbnailUrl\":\"https:\\\/\\\/mestizoproducciones.es\\\/wp-content\\\/uploads\\\/2021\\\/11\\\/Mestizo-Producciones_bn-300x88.png\",\"datePublished\":\"2023-06-14T10:55:03+00:00\",\"dateModified\":\"2025-01-14T10:42:39+00:00\",\"description\":\"Puedes consultar todos los proyectos en los que hemos trabajado en nuestra p\u00e1gina especialmente habilitada para ello.\",\"breadcrumb\":{\"@id\":\"https:\\\/\\\/mestizoproducciones.es\\\/proyectos\\\/#breadcrumb\"},\"inLanguage\":\"en-GB\",\"potentialAction\":[{\"@type\":\"ReadAction\",\"target\":[\"https:\\\/\\\/mestizoproducciones.es\\\/proyectos\\\/\"]}]},{\"@type\":\"ImageObject\",\"inLanguage\":\"en-GB\",\"@id\":\"https:\\\/\\\/mestizoproducciones.es\\\/proyectos\\\/#primaryimage\",\"url\":\"https:\\\/\\\/mestizoproducciones.es\\\/wp-content\\\/uploads\\\/2021\\\/11\\\/Mestizo-Producciones_bn-300x88.png\",\"contentUrl\":\"https:\\\/\\\/mestizoproducciones.es\\\/wp-content\\\/uploads\\\/2021\\\/11\\\/Mestizo-Producciones_bn-300x88.png\"},{\"@type\":\"BreadcrumbList\",\"@id\":\"https:\\\/\\\/mestizoproducciones.es\\\/proyectos\\\/#breadcrumb\",\"itemListElement\":[{\"@type\":\"ListItem\",\"position\":1,\"name\":\"Portada\",\"item\":\"https:\\\/\\\/mestizoproducciones.es\\\/\"},{\"@type\":\"ListItem\",\"position\":2,\"name\":\"Proyectos\"}]},{\"@type\":\"WebSite\",\"@id\":\"https:\\\/\\\/mestizoproducciones.es\\\/#website\",\"url\":\"https:\\\/\\\/mestizoproducciones.es\\\/\",\"name\":\"Mestizo Producciones\",\"description\":\"Producci\u00f3n, contrataci\u00f3n, representaci\u00f3n y comunicaci\u00f3n. Desde 1997.\",\"potentialAction\":[{\"@type\":\"SearchAction\",\"target\":{\"@type\":\"EntryPoint\",\"urlTemplate\":\"https:\\\/\\\/mestizoproducciones.es\\\/?s={search_term_string}\"},\"query-input\":{\"@type\":\"PropertyValueSpecification\",\"valueRequired\":true,\"valueName\":\"search_term_string\"}}],\"inLanguage\":\"en-GB\"}]}<\/script>\n<!-- \/ Yoast SEO plugin. -->","yoast_head_json":{"title":"Proyectos - Mestizo Producciones","description":"Puedes consultar todos los proyectos en los que hemos trabajado en nuestra p\u00e1gina especialmente habilitada para ello.","robots":{"index":"index","follow":"follow","max-snippet":"max-snippet:-1","max-image-preview":"max-image-preview:large","max-video-preview":"max-video-preview:-1"},"canonical":"https:\/\/mestizoproducciones.es\/en\/proyectos\/","og_locale":"en_GB","og_type":"article","og_title":"Proyectos - Mestizo Producciones","og_description":"Puedes consultar todos los proyectos en los que hemos trabajado en nuestra p\u00e1gina especialmente habilitada para ello.","og_url":"https:\/\/mestizoproducciones.es\/en\/proyectos\/","og_site_name":"Mestizo Producciones","article_publisher":"https:\/\/www.facebook.com\/Mestizo-Producciones-Gij%c3%b3n-67646475399\/?fref=ts","article_modified_time":"2025-01-14T10:42:39+00:00","og_image":[{"url":"https:\/\/mestizoproducciones.es\/wp-content\/uploads\/2021\/11\/Mestizo-Producciones_bn-300x88.png","type":"","width":"","height":""}],"twitter_card":"summary_large_image","twitter_misc":{"Estimated reading time":"5 minutes"},"schema":{"@context":"https:\/\/schema.org","@graph":[{"@type":"WebPage","@id":"https:\/\/mestizoproducciones.es\/proyectos\/","url":"https:\/\/mestizoproducciones.es\/proyectos\/","name":"Proyectos - Mestizo Producciones","isPartOf":{"@id":"https:\/\/mestizoproducciones.es\/#website"},"primaryImageOfPage":{"@id":"https:\/\/mestizoproducciones.es\/proyectos\/#primaryimage"},"image":{"@id":"https:\/\/mestizoproducciones.es\/proyectos\/#primaryimage"},"thumbnailUrl":"https:\/\/mestizoproducciones.es\/wp-content\/uploads\/2021\/11\/Mestizo-Producciones_bn-300x88.png","datePublished":"2023-06-14T10:55:03+00:00","dateModified":"2025-01-14T10:42:39+00:00","description":"Puedes consultar todos los proyectos en los que hemos trabajado en nuestra p\u00e1gina especialmente habilitada para ello.","breadcrumb":{"@id":"https:\/\/mestizoproducciones.es\/proyectos\/#breadcrumb"},"inLanguage":"en-GB","potentialAction":[{"@type":"ReadAction","target":["https:\/\/mestizoproducciones.es\/proyectos\/"]}]},{"@type":"ImageObject","inLanguage":"en-GB","@id":"https:\/\/mestizoproducciones.es\/proyectos\/#primaryimage","url":"https:\/\/mestizoproducciones.es\/wp-content\/uploads\/2021\/11\/Mestizo-Producciones_bn-300x88.png","contentUrl":"https:\/\/mestizoproducciones.es\/wp-content\/uploads\/2021\/11\/Mestizo-Producciones_bn-300x88.png"},{"@type":"BreadcrumbList","@id":"https:\/\/mestizoproducciones.es\/proyectos\/#breadcrumb","itemListElement":[{"@type":"ListItem","position":1,"name":"Portada","item":"https:\/\/mestizoproducciones.es\/"},{"@type":"ListItem","position":2,"name":"Proyectos"}]},{"@type":"WebSite","@id":"https:\/\/mestizoproducciones.es\/#website","url":"https:\/\/mestizoproducciones.es\/","name":"Mestizo Producciones","description":"Producci\u00f3n, contrataci\u00f3n, representaci\u00f3n y comunicaci\u00f3n. Desde 1997.","potentialAction":[{"@type":"SearchAction","target":{"@type":"EntryPoint","urlTemplate":"https:\/\/mestizoproducciones.es\/?s={search_term_string}"},"query-input":{"@type":"PropertyValueSpecification","valueRequired":true,"valueName":"search_term_string"}}],"inLanguage":"en-GB"}]}},"rttpg_featured_image_url":null,"rttpg_author":{"display_name":"i4life Tecnolog\u00eda y Desarrollo","author_link":"https:\/\/mestizoproducciones.es\/en\/author\/i4life\/"},"rttpg_comment":0,"rttpg_category":null,"rttpg_excerpt":"Inicio Noticias Nosotros Proyectos Servicios Multimedia Entradas Men\u00fa conmutador hamburguesa Creemos en el poder transformador de la cultura. Las ciudades en constante cambio. Su materia prima,&nbsp; las ideas.&nbsp; Afrontamos el futuro desde la colaboraci\u00f3n. Pensamos en un futuro diferente, innovador, inclusivo, participativo, comprometido y sostenible. Identidad, cooperaci\u00f3n, sostenibilidad, esfuerzo, creatividad, innovaci\u00f3n, potenciaci\u00f3n y desarrollo del&hellip;","_links":{"self":[{"href":"https:\/\/mestizoproducciones.es\/en\/wp-json\/wp\/v2\/pages\/9445","targetHints":{"allow":["GET"]}}],"collection":[{"href":"https:\/\/mestizoproducciones.es\/en\/wp-json\/wp\/v2\/pages"}],"about":[{"href":"https:\/\/mestizoproducciones.es\/en\/wp-json\/wp\/v2\/types\/page"}],"author":[{"embeddable":true,"href":"https:\/\/mestizoproducciones.es\/en\/wp-json\/wp\/v2\/users\/5"}],"replies":[{"embeddable":true,"href":"https:\/\/mestizoproducciones.es\/en\/wp-json\/wp\/v2\/comments?post=9445"}],"version-history":[{"count":229,"href":"https:\/\/mestizoproducciones.es\/en\/wp-json\/wp\/v2\/pages\/9445\/revisions"}],"predecessor-version":[{"id":10920,"href":"https:\/\/mestizoproducciones.es\/en\/wp-json\/wp\/v2\/pages\/9445\/revisions\/10920"}],"wp:attachment":[{"href":"https:\/\/mestizoproducciones.es\/en\/wp-json\/wp\/v2\/media?parent=9445"}],"curies":[{"name":"wp","href":"https:\/\/api.w.org\/{rel}","templated":true}]}}