{"id":9266,"date":"2023-06-12T09:54:41","date_gmt":"2023-06-12T09:54:41","guid":{"rendered":"https:\/\/mestizoproducciones.es\/?page_id=9266"},"modified":"2024-02-15T21:14:35","modified_gmt":"2024-02-15T21:14:35","slug":"festivales","status":"publish","type":"page","link":"https:\/\/mestizoproducciones.es\/en\/festivales\/","title":{"rendered":"Festivals"},"content":{"rendered":"<a href=\"https:\/\/mestizoproducciones.es\/en\/landing-page\/\">\n\t\t\t\t\t\t\t<img loading=\"lazy\" decoding=\"async\" width=\"300\" height=\"88\" src=\"https:\/\/mestizoproducciones.es\/wp-content\/uploads\/2021\/11\/Mestizo-Producciones_bn-300x88.png\" alt=\"Mestizo Producciones\" \/>\t\t\t\t\t\t\t\t<\/a>\n\t\t\t<h2>ORGANIZAMOS CONCIERTOS<\/h2>\t\t\n\t\tNos apasiona la m\u00fasica y nuestro trabajo, es el resultado de ello. Hemos colaborado y colaboramos con festivales y artistas diversos.<br><br>\nNuestro objetivo es ofrecer una experiencia\n\u00fanica para que te lleves el mejor recuerdo.\t\t\n\t\t\t<h2>Gij\u00f3n Sound<\/h2>\t\t\n\t\t<p>Una plataforma de experiencias<br \/><br \/><\/p><p>Colaboramos y nos inspiramos en diferentes entes, instituciones, empresas y colectivos de la ciudad\u00a0 buscando de manera conjunta soluciones y propuestas a nuevos retos.<br \/><br \/><\/p><p><a style=\"color: black; text-decoration: underline;\" href=\"https:\/\/gijonsoundfestival.com\/\" target=\"_blank\" rel=\"noopener\">Ver sitio Online<\/a><\/p>\t\t\n\t\t\t<h2>Bay of biscay<\/h2>\t\t\n\t\t\t<h2>Holly Festival<\/h2>\t\t\n\t\t\t<h2>LAS MUSICAS<\/h2>\t\t\n\t\t\t\t\t\t\t\t\t\t\t\t\t\t\t\t<a href=\"https:\/\/mestizoproducciones.es\/en\/landing-page\/\">\n\t\t\t\t\t\t\t<img loading=\"lazy\" decoding=\"async\" width=\"552\" height=\"162\" src=\"https:\/\/mestizoproducciones.es\/wp-content\/uploads\/2021\/11\/Mestizo-Producciones.png\" alt=\"Mestizo Producciones\" \/>\t\t\t\t\t\t\t\t<\/a>\n\t\t\t<a href=\"https:\/\/www.google.com\/maps\/place\/Cam.+Nogales,+318,+33203+Gij%C3%B3n,+Asturias\/@43.5371728,-5.6165433,17z\/data=!3m1!4b1!4m10!1m2!2m1!1sCamino+Nogales,+318+332063+-+Gij%C3%B3n!3m6!1s0xd367b07e091382b:0x4373e9fc75974b43!8m2!3d43.5371689!4d-5.6139684!15sCiNDYW1pbm8gTm9nYWxlcywgMzE4IDMzMjA2MyAtIEdpasOzbpIBEWNvbXBvdW5kX2J1aWxkaW5n4AEA!16s%2Fg%2F11c2df9cgz?entry=ttu\">\n\t\t\t\t\t\t<\/a>\n\t\t<p><a href=\"https:\/\/www.google.com\/maps\/place\/Cam.+Nogales,+318,+33203+Gij%C3%B3n,+Asturias\/@43.5371728,-5.6165433,17z\/data=!3m1!4b1!4m10!1m2!2m1!1sCamino+Nogales,+318+332063+-+Gij%C3%B3n!3m6!1s0xd367b07e091382b:0x4373e9fc75974b43!8m2!3d43.5371689!4d-5.6139684!15sCiNDYW1pbm8gTm9nYWxlcywgMzE4IDMzMjA2MyAtIEdpasOzbpIBEWNvbXBvdW5kX2J1aWxkaW5n4AEA!16s%2Fg%2F11c2df9cgz?entry=ttu\">Camino Nogales, 318<\/a><br \/><a href=\"https:\/\/www.google.com\/maps\/place\/Cam.+Nogales,+318,+33203+Gij%C3%B3n,+Asturias\/@43.5371728,-5.6165433,17z\/data=!3m1!4b1!4m10!1m2!2m1!1sCamino+Nogales,+318+332063+-+Gij%C3%B3n!3m6!1s0xd367b07e091382b:0x4373e9fc75974b43!8m2!3d43.5371689!4d-5.6139684!15sCiNDYW1pbm8gTm9nYWxlcywgMzE4IDMzMjA2MyAtIEdpasOzbpIBEWNvbXBvdW5kX2J1aWxkaW5n4AEA!16s%2Fg%2F11c2df9cgz?entry=ttu\">33203 - Gij\u00f3n<\/a><\/p>\t\t\n\t\t\t<a href=\"mailto:info@mestizoproducciones.es\">\n\t\t\t\t\t\t<\/a>\n\t\t<p><a href=\"mailto:info@mestizoproducciones.es\">info@mestizoproducciones.es<\/a><\/p>\t\t\n\t\t\t<a href=\"tel:984394141\">\n\t\t\t\t\t\t<\/a>\n\t\t<p><a href=\"tel:984294141\">984 394 141<\/a><\/p>\t\t\n\t\t<p><a href=\"https:\/\/mestizoproducciones.es\/en\/\">Home<\/a><\/p><p><a href=\"https:\/\/mestizoproducciones.es\/en\/noticias\/\">News<\/a><\/p><p><a href=\"https:\/\/mestizoproducciones.es\/en\/nosotros\/\">About us<\/a><\/p><p><a href=\"https:\/\/mestizoproducciones.es\/en\/proyectos\/\">Projects<\/a><\/p><p><a href=\"https:\/\/mestizoproducciones.es\/en\/servicios\/\">Services<\/a><\/p><p><a href=\"https:\/\/mestizoproducciones.es\/en\/multimedia\/\">Multimedia<\/a><\/p>\t\t\n\t\t<p><a href=\"https:\/\/mestizoproducciones.es\/en\/festivales\/\">Festivals<\/a><\/p><p><a href=\"https:\/\/entradas.mestizoproducciones.es\/\">Tickets<\/a><\/p><p><a href=\"https:\/\/gijonsoundfestival.com\/\">Gij\u00f3n Sound<\/a><\/p><p><a href=\"https:\/\/escenariosantander.es\/\">Escenario Santander<\/a><\/p><p><a href=\"https:\/\/lapipa.io\/\">La Pipa<\/a><\/p>\t\t\n\t\t<p><a href=\"https:\/\/mestizoproducciones.es\/en\/aviso-legal\/\">Legal Notice<\/a><\/p><p><a href=\"https:\/\/mestizoproducciones.es\/en\/accesibilidad\/\">Accessibility<\/a><\/p><p><a href=\"https:\/\/mestizoproducciones.es\/en\/politica-de-cookies-ue\/\">Pol\u00edtica de cookies (UE)<\/a><\/p><p><a href=\"https:\/\/mestizoproducciones.es\/sitemap_index.xml\">Sitemap<\/a><\/p><p><a href=\"https:\/\/mestizoproducciones.es\/en\/contacto\/\">Contact<\/a><\/p>\t\t\n\t\t\t\t\t<a href=\"https:\/\/www.facebook.com\/MestizoProducciones\" target=\"_blank\" rel=\"noopener\">\n\t\t\t\t\t\tFacebook\n\t\t\t\t\t\t\t\t\t\t\t<\/a>\n\t\t\t\t\t<a href=\"https:\/\/twitter.com\/MestizoMusica\" target=\"_blank\" rel=\"noopener\">\n\t\t\t\t\t\tTwitter\n\t\t\t\t\t\t\t\t\t\t\t<\/a>\n\t\t\t\t\t<a href=\"https:\/\/www.youtube.com\/channel\/UC9634_d3JoW1KAT0mhn2XzA\" target=\"_blank\" rel=\"noopener\">\n\t\t\t\t\t\tYoutube\n\t\t\t\t\t\t\t\t\t\t\t<\/a>\n\t\t\t\t\t<a href=\"https:\/\/www.instagram.com\/produccionesmestizo\/\" target=\"_blank\" rel=\"noopener\">\n\t\t\t\t\t\tInstagram\n\t\t\t\t\t\t\t\t\t\t\t<\/a>\n\t\t\t\t\t<a href=\"https:\/\/www.linkedin.com\/company-beta\/13268131\/\" target=\"_blank\" rel=\"noopener\">\n\t\t\t\t\t\tLinkedin\n\t\t\t\t\t\t\t\t\t\t\t<\/a>\n\t\t\t\t\t<a href=\"https:\/\/www.flickr.com\/photos\/mestizoprod\/\" target=\"_blank\" rel=\"noopener\">\n\t\t\t\t\t\tFlickr\n\t\t\t\t\t\t\t\t\t\t\t<\/a>\n\t\t<p><a href=\"https:\/\/www.i4life.es\/\">i4life innovaci\u00f3n y desarrollos SL<\/a> \u00a9 2023\u00a0<\/p>\t\t\n\t\t\t\t\t\t\t\t\t\t\t\t\t\t\t<img loading=\"lazy\" decoding=\"async\" width=\"1024\" height=\"56\" src=\"https:\/\/mestizoproducciones.es\/wp-content\/uploads\/2023\/06\/Logotipos_Materia_Publicitaria-e1686814573999-1024x56.jpg\" alt=\"Logotipos de la materia publicitaria\" \/>\t\t\t\t\t\t\t\t\t\t\t\t\t\t\t\n\t\t\t\t\t\t\t\t\t\t\t\t\t\t\t<img loading=\"lazy\" decoding=\"async\" width=\"1024\" height=\"651\" src=\"https:\/\/mestizoproducciones.es\/wp-content\/uploads\/2023\/06\/Logo-Consejeria-de-Ciencia-1024x651.jpg\" alt=\"Logo Consejer\u00eda de ciencia, innovaci\u00f3n y universidad de Asturias\" \/>","protected":false},"excerpt":{"rendered":"<p>ORGANIZAMOS CONCIERTOS Nos apasiona la m\u00fasica y nuestro trabajo, es el resultado de ello. Hemos colaborado y colaboramos con festivales y artistas diversos. Nuestro objetivo es ofrecer una experiencia \u00fanica para que te lleves el mejor recuerdo. Gij\u00f3n Sound Una plataforma de experiencias Colaboramos y nos inspiramos en diferentes entes, instituciones, empresas y colectivos de [&hellip;]<\/p>\n","protected":false},"author":5,"featured_media":0,"parent":0,"menu_order":0,"comment_status":"closed","ping_status":"closed","template":"elementor_canvas","meta":{"footnotes":""},"class_list":["post-9266","page","type-page","status-publish","hentry"],"yoast_head":"<!-- This site is optimized with the Yoast SEO plugin v27.6 - https:\/\/yoast.com\/product\/yoast-seo-wordpress\/ -->\n<title>Festivales - Mestizo Producciones<\/title>\n<meta name=\"description\" content=\"En mestizo producciones somos expertos en organizar festivales como el Gij\u00f3n Sound entre otros muchos eventos.\" \/>\n<meta name=\"robots\" content=\"index, follow, max-snippet:-1, max-image-preview:large, max-video-preview:-1\" \/>\n<link rel=\"canonical\" href=\"https:\/\/mestizoproducciones.es\/en\/festivales\/\" \/>\n<meta property=\"og:locale\" content=\"en_GB\" \/>\n<meta property=\"og:type\" content=\"article\" \/>\n<meta property=\"og:title\" content=\"Festivales - Mestizo Producciones\" \/>\n<meta property=\"og:description\" content=\"En mestizo producciones somos expertos en organizar festivales como el Gij\u00f3n Sound entre otros muchos eventos.\" \/>\n<meta property=\"og:url\" content=\"https:\/\/mestizoproducciones.es\/en\/festivales\/\" \/>\n<meta property=\"og:site_name\" content=\"Mestizo Producciones\" \/>\n<meta property=\"article:publisher\" content=\"https:\/\/www.facebook.com\/Mestizo-Producciones-Gij%c3%b3n-67646475399\/?fref=ts\" \/>\n<meta property=\"article:modified_time\" content=\"2024-02-15T21:14:35+00:00\" \/>\n<meta property=\"og:image\" content=\"https:\/\/mestizoproducciones.es\/wp-content\/uploads\/2021\/11\/Mestizo-Producciones_bn-300x88.png\" \/>\n<meta name=\"twitter:card\" content=\"summary_large_image\" \/>\n<meta name=\"twitter:label1\" content=\"Estimated reading time\" \/>\n\t<meta name=\"twitter:data1\" content=\"2 minutes\" \/>\n<script type=\"application\/ld+json\" class=\"yoast-schema-graph\">{\"@context\":\"https:\\\/\\\/schema.org\",\"@graph\":[{\"@type\":\"WebPage\",\"@id\":\"https:\\\/\\\/mestizoproducciones.es\\\/festivales\\\/\",\"url\":\"https:\\\/\\\/mestizoproducciones.es\\\/festivales\\\/\",\"name\":\"Festivales - Mestizo Producciones\",\"isPartOf\":{\"@id\":\"https:\\\/\\\/mestizoproducciones.es\\\/#website\"},\"primaryImageOfPage\":{\"@id\":\"https:\\\/\\\/mestizoproducciones.es\\\/festivales\\\/#primaryimage\"},\"image\":{\"@id\":\"https:\\\/\\\/mestizoproducciones.es\\\/festivales\\\/#primaryimage\"},\"thumbnailUrl\":\"https:\\\/\\\/mestizoproducciones.es\\\/wp-content\\\/uploads\\\/2021\\\/11\\\/Mestizo-Producciones_bn-300x88.png\",\"datePublished\":\"2023-06-12T09:54:41+00:00\",\"dateModified\":\"2024-02-15T21:14:35+00:00\",\"description\":\"En mestizo producciones somos expertos en organizar festivales como el Gij\u00f3n Sound entre otros muchos eventos.\",\"breadcrumb\":{\"@id\":\"https:\\\/\\\/mestizoproducciones.es\\\/festivales\\\/#breadcrumb\"},\"inLanguage\":\"en-GB\",\"potentialAction\":[{\"@type\":\"ReadAction\",\"target\":[\"https:\\\/\\\/mestizoproducciones.es\\\/festivales\\\/\"]}]},{\"@type\":\"ImageObject\",\"inLanguage\":\"en-GB\",\"@id\":\"https:\\\/\\\/mestizoproducciones.es\\\/festivales\\\/#primaryimage\",\"url\":\"https:\\\/\\\/mestizoproducciones.es\\\/wp-content\\\/uploads\\\/2021\\\/11\\\/Mestizo-Producciones_bn-300x88.png\",\"contentUrl\":\"https:\\\/\\\/mestizoproducciones.es\\\/wp-content\\\/uploads\\\/2021\\\/11\\\/Mestizo-Producciones_bn-300x88.png\"},{\"@type\":\"BreadcrumbList\",\"@id\":\"https:\\\/\\\/mestizoproducciones.es\\\/festivales\\\/#breadcrumb\",\"itemListElement\":[{\"@type\":\"ListItem\",\"position\":1,\"name\":\"Portada\",\"item\":\"https:\\\/\\\/mestizoproducciones.es\\\/\"},{\"@type\":\"ListItem\",\"position\":2,\"name\":\"Festivales\"}]},{\"@type\":\"WebSite\",\"@id\":\"https:\\\/\\\/mestizoproducciones.es\\\/#website\",\"url\":\"https:\\\/\\\/mestizoproducciones.es\\\/\",\"name\":\"Mestizo Producciones\",\"description\":\"Producci\u00f3n, contrataci\u00f3n, representaci\u00f3n y comunicaci\u00f3n. Desde 1997.\",\"potentialAction\":[{\"@type\":\"SearchAction\",\"target\":{\"@type\":\"EntryPoint\",\"urlTemplate\":\"https:\\\/\\\/mestizoproducciones.es\\\/?s={search_term_string}\"},\"query-input\":{\"@type\":\"PropertyValueSpecification\",\"valueRequired\":true,\"valueName\":\"search_term_string\"}}],\"inLanguage\":\"en-GB\"}]}<\/script>\n<!-- \/ Yoast SEO plugin. -->","yoast_head_json":{"title":"Festivales - Mestizo Producciones","description":"En mestizo producciones somos expertos en organizar festivales como el Gij\u00f3n Sound entre otros muchos eventos.","robots":{"index":"index","follow":"follow","max-snippet":"max-snippet:-1","max-image-preview":"max-image-preview:large","max-video-preview":"max-video-preview:-1"},"canonical":"https:\/\/mestizoproducciones.es\/en\/festivales\/","og_locale":"en_GB","og_type":"article","og_title":"Festivales - Mestizo Producciones","og_description":"En mestizo producciones somos expertos en organizar festivales como el Gij\u00f3n Sound entre otros muchos eventos.","og_url":"https:\/\/mestizoproducciones.es\/en\/festivales\/","og_site_name":"Mestizo Producciones","article_publisher":"https:\/\/www.facebook.com\/Mestizo-Producciones-Gij%c3%b3n-67646475399\/?fref=ts","article_modified_time":"2024-02-15T21:14:35+00:00","og_image":[{"url":"https:\/\/mestizoproducciones.es\/wp-content\/uploads\/2021\/11\/Mestizo-Producciones_bn-300x88.png","type":"","width":"","height":""}],"twitter_card":"summary_large_image","twitter_misc":{"Estimated reading time":"2 minutes"},"schema":{"@context":"https:\/\/schema.org","@graph":[{"@type":"WebPage","@id":"https:\/\/mestizoproducciones.es\/festivales\/","url":"https:\/\/mestizoproducciones.es\/festivales\/","name":"Festivales - Mestizo Producciones","isPartOf":{"@id":"https:\/\/mestizoproducciones.es\/#website"},"primaryImageOfPage":{"@id":"https:\/\/mestizoproducciones.es\/festivales\/#primaryimage"},"image":{"@id":"https:\/\/mestizoproducciones.es\/festivales\/#primaryimage"},"thumbnailUrl":"https:\/\/mestizoproducciones.es\/wp-content\/uploads\/2021\/11\/Mestizo-Producciones_bn-300x88.png","datePublished":"2023-06-12T09:54:41+00:00","dateModified":"2024-02-15T21:14:35+00:00","description":"En mestizo producciones somos expertos en organizar festivales como el Gij\u00f3n Sound entre otros muchos eventos.","breadcrumb":{"@id":"https:\/\/mestizoproducciones.es\/festivales\/#breadcrumb"},"inLanguage":"en-GB","potentialAction":[{"@type":"ReadAction","target":["https:\/\/mestizoproducciones.es\/festivales\/"]}]},{"@type":"ImageObject","inLanguage":"en-GB","@id":"https:\/\/mestizoproducciones.es\/festivales\/#primaryimage","url":"https:\/\/mestizoproducciones.es\/wp-content\/uploads\/2021\/11\/Mestizo-Producciones_bn-300x88.png","contentUrl":"https:\/\/mestizoproducciones.es\/wp-content\/uploads\/2021\/11\/Mestizo-Producciones_bn-300x88.png"},{"@type":"BreadcrumbList","@id":"https:\/\/mestizoproducciones.es\/festivales\/#breadcrumb","itemListElement":[{"@type":"ListItem","position":1,"name":"Portada","item":"https:\/\/mestizoproducciones.es\/"},{"@type":"ListItem","position":2,"name":"Festivales"}]},{"@type":"WebSite","@id":"https:\/\/mestizoproducciones.es\/#website","url":"https:\/\/mestizoproducciones.es\/","name":"Mestizo Producciones","description":"Producci\u00f3n, contrataci\u00f3n, representaci\u00f3n y comunicaci\u00f3n. Desde 1997.","potentialAction":[{"@type":"SearchAction","target":{"@type":"EntryPoint","urlTemplate":"https:\/\/mestizoproducciones.es\/?s={search_term_string}"},"query-input":{"@type":"PropertyValueSpecification","valueRequired":true,"valueName":"search_term_string"}}],"inLanguage":"en-GB"}]}},"rttpg_featured_image_url":null,"rttpg_author":{"display_name":"i4life Tecnolog\u00eda y Desarrollo","author_link":"https:\/\/mestizoproducciones.es\/en\/author\/i4life\/"},"rttpg_comment":0,"rttpg_category":null,"rttpg_excerpt":"ORGANIZAMOS CONCIERTOS Nos apasiona la m\u00fasica y nuestro trabajo, es el resultado de ello. Hemos colaborado y colaboramos con festivales y artistas diversos. Nuestro objetivo es ofrecer una experiencia \u00fanica para que te lleves el mejor recuerdo. Gij\u00f3n Sound Una plataforma de experiencias Colaboramos y nos inspiramos en diferentes entes, instituciones, empresas y colectivos de&hellip;","_links":{"self":[{"href":"https:\/\/mestizoproducciones.es\/en\/wp-json\/wp\/v2\/pages\/9266","targetHints":{"allow":["GET"]}}],"collection":[{"href":"https:\/\/mestizoproducciones.es\/en\/wp-json\/wp\/v2\/pages"}],"about":[{"href":"https:\/\/mestizoproducciones.es\/en\/wp-json\/wp\/v2\/types\/page"}],"author":[{"embeddable":true,"href":"https:\/\/mestizoproducciones.es\/en\/wp-json\/wp\/v2\/users\/5"}],"replies":[{"embeddable":true,"href":"https:\/\/mestizoproducciones.es\/en\/wp-json\/wp\/v2\/comments?post=9266"}],"version-history":[{"count":65,"href":"https:\/\/mestizoproducciones.es\/en\/wp-json\/wp\/v2\/pages\/9266\/revisions"}],"predecessor-version":[{"id":10483,"href":"https:\/\/mestizoproducciones.es\/en\/wp-json\/wp\/v2\/pages\/9266\/revisions\/10483"}],"wp:attachment":[{"href":"https:\/\/mestizoproducciones.es\/en\/wp-json\/wp\/v2\/media?parent=9266"}],"curies":[{"name":"wp","href":"https:\/\/api.w.org\/{rel}","templated":true}]}}