{"id":9216,"date":"2023-06-12T09:26:29","date_gmt":"2023-06-12T09:26:29","guid":{"rendered":"https:\/\/mestizoproducciones.es\/?page_id=9216"},"modified":"2023-10-23T11:26:49","modified_gmt":"2023-10-23T11:26:49","slug":"servicios","status":"publish","type":"page","link":"https:\/\/mestizoproducciones.es\/en\/servicios\/","title":{"rendered":"Services"},"content":{"rendered":"<a href=\"https:\/\/mestizoproducciones.es\/en\/landing-page\/\">\n\t\t\t\t\t\t\t<img loading=\"lazy\" decoding=\"async\" width=\"300\" height=\"88\" src=\"https:\/\/mestizoproducciones.es\/wp-content\/uploads\/2023\/06\/Mestizo-Producciones_bn-300x88-1.png\" alt=\"Mestizo Producciones\" \/>\t\t\t\t\t\t\t\t<\/a>\n\t\t\t<ul id=\"menu-menu-hamburguesa-2\"><li><a href=\"https:\/\/mestizoproducciones.es\/en\/\">Home<\/a><\/li>\n<li><a href=\"https:\/\/mestizoproducciones.es\/en\/noticias\/\">News<\/a><\/li>\n<li><a href=\"https:\/\/mestizoproducciones.es\/en\/nosotros\/\">About us<\/a><\/li>\n<li><a href=\"https:\/\/mestizoproducciones.es\/en\/proyectos\/\">Projects<\/a><\/li>\n<li><a href=\"https:\/\/mestizoproducciones.es\/en\/servicios\/\">Services<\/a><\/li>\n<li><a href=\"https:\/\/mestizoproducciones.es\/en\/multimedia\/\">Multimedia<\/a><\/li>\n<li><a href=\"https:\/\/entradas.mestizoproducciones.es\/web\/?menu=36&#038;pagina=&#038;siteID=mestizoproducciones\">Tickets<\/a><\/li>\n<\/ul>\t\t\n\t\t\t<h2>SERVICES<\/h2>\t\t\n\t\t\t<h2>SERVICES<\/h2>\t\t\n\t\t\t<h2>PRODUCCI\u00d3N<\/h2>\t\t\n\t\t<p>Nos dedicamos a la planificaci\u00f3n, producci\u00f3n y organizaci\u00f3n de todo tipo de eventos musicales y culturales.<\/p>\t\t\n\t\t\t<h2>Booking<\/h2>\t\t\n\t\t<p>Ofrecemos servicios de contrataci\u00f3n de artistas para celebrar conciertos y festivales producidos por terceras partes.<\/p>\t\t\n\t\t\t<h2>COMUNICACI\u00d3N<\/h2>\t\t\n\t\t<p>Estamos especializados en dise\u00f1ar estrategias de comunicaci\u00f3n a medida de las necesidades de nuestros clientes.<\/p>\t\t\n\t\t\t<h3>1<\/h3>\t\t\n\t\t\t<h3>EVENTOS CULTURALES<\/h3>\t\t\n\t\t<p>Estrategias de comunicaci\u00f3n cuidadas y personalizadas, analizando sus necesidades espec\u00edficas.<\/p>\t\t\n\t\t\t<h3>3<\/h3>\t\t\n\t\t\t<h3>PROMOCI\u00d3N DE ARTISTAS<\/h3>\t\t\n\t\t<p>Nos especializamos en organizar aquellos aspectos relacionados con la comunicaci\u00f3n y la promoci\u00f3n de artistas.<\/p>\t\t\n\t\t\t<h3>5<\/h3>\t\t\n\t\t\t<h3>GABINETE DE PRENSA<\/h3>\t\t\n\t\t<p>Creaci\u00f3n de contenido editorial y online hasta su difusi\u00f3n y seguimiento en medios generalistas y especializados.<\/p>\t\t\n\t\t\t<h3>2<\/h3>\t\t\n\t\t\t<h3>IMAGEN CORPORATIVA<\/h3>\t\t\n\t\t<p>Desde el dise\u00f1o gr\u00e1fico, hasta el servicio y distribuci\u00f3n audiovisual de un artista, un proyecto o una empresa musical.<\/p>\t\t\n\t\t\t<h3>4<\/h3>\t\t\n\t\t\t<h3>EVENTOS CULTURALES<\/h3>\t\t\n\t\t<p>Estrategias de comunicaci\u00f3n cuidadas y personalizadas, analizando sus necesidades espec\u00edfica.<\/p>\t\t\n\t\t\t<h3>6<\/h3>\t\t\n\t\t\t<h3>ORGANIZACI\u00d3N DE EVENTOS<\/h3>\t\t\n\t\t<p>Nos encargamos de organizar oportunidades \u00fanicas, adem\u00e1s de gestionar la participaci\u00f3n en eventos ajenos.<\/p>\t\t\n\t\t\t<h2>CON QUI\u00c9N TRABAJAMOS<\/h2>\t\t\n\t\t\t<h2>ARTISTAS<\/h2>\t\t\n\t\t<p>Lenny Kravitz \/ Pet Shop Boys \/ Arthur Lee (LOVE) \/ Joe Satriani \/ The Waterboys \/ The Buzzcocks \/ St. Paul \/ the Broken Bones \/ James Rhodes \/ Love \/ Calvin Harris \/ The Stranglers \/ Luna \/ The Jayhawks \/ Tindersticks \/ Los Enemigos \/ CocoRosie \/ Ricky Martin \/ Belle \/ Sebastian \/ Mando Diao \/ Robe \/ Fito \/ Los Fitipaldis \/ Quique Gonz\u00e1lez \/ Donovan \/ Rival Sons \/ Hermano \/ The Dammed \/ Nick Lowe \/ La Habitaci\u00f3n Roja \/ Vetusta Morla \/ Nikki Hill \/ Ara Malikian \/ Lendakaris Muertos \/ MClan \/ The Vaccines \/ Vicente Amigo \/ Rinocero\u00e7e \/ Glen Hansard \/ Lori Meyers \/ Ten F\u00e9 \/ Love of Lesbian \/ Dorian \/ Sidonie \/ Delorean \/ Julieta Venegas \/ Manel \/ Escuchando Elefantes \/ Joe Cresp\u00fasculo \/ Novedades Carminha \/ Los Bengala \/ Izal Second \/ Miami Horror \/ Belize \/ La M.O.D.A \/ Facto de la F\u00e9 y Las Flores Azules \/ Paul Collins Beat \/ Peralta \/ Siniestro Total \/ Bird of Joy \/ Belako \/ Captains \/ Berri Txarrak \/ Luis Eduardo Aute \/ L.A \/ Pauline en la Playa \/ Flamin\u00b4Groovies \/ Ni\u00f1o de Elche \/ Fasenuova \/ Frank Turner \/ Jim Jones Reveu \/ Kula Shaker \/ The Tallest Man on Earth \/ The Sonics \/ Imperial State Electric \/ Rick Astley \/ El Columpio Asesino \/ Monarchy \/ Supersubmarina \/ Crystal Figthers \/ La Roux \/ Is Tropical \/ Stallite Stories \/ Xoel L\u00f3pez \/ Neuman \/ Deluxe \/ Citizens \/ Radio Birdman \/ Matthew Herbert \/ Scott Matthew \/ The Ships \/ Trajano! \/ Dave Alvin \/ Phil Alvin \/ Future Islands \/ The Wave Pictures \/ Iv\u00e1n Ferreiro \/ 2 Many Djs \/ Glass Animals \/ Standstill \/ Le\u00f3n Benavente \/ Keane \/ The Bright \/ Dover \/ Willy Moon \/ Fangoria \/ Manel \/ Reptil Youth \/ Jamaica \/ Jon Spencer Blues Explosion \/ Danko Jones \/ Juan Perro \/ Micah P. Hinson \/ Zo\u00e9 \/ Josh Rouse \/ Howe Gelb \/ Julio de la Rosa \/ Luz Casal \/ We Are Scients \/ Iv\u00e1n Ferreiro \/ Mark Lanegan \/ The Posies \/ The Sheepdogs \/ Soul Jacket \/ The Fleshtones \/ C\u00e1psula \/ Leiva \/ Pereza \/ The Cynics \/ Dayna Kurtz \/ Lagartija Nick \/ Mala Rodriguez \/ Tote King \/ Heavy Trash \/ Fishbone \/ Datsuns \/ Kiko Veneno \/ Lambchop \/ Calexico \/ The Beast Of Bourbon \/ Hombres G \/ Canto del Loco \/ Nashville Pussy \/ Drive By Truckers \/ Mother Superior \/ Supagroup \/ Martir\u00e9s del Comp\u00e1s \/ Jhony Kaplan \/ The Lazy Stars \/ Diamond Dogs \/ Mathew Sweet \/ Supersuckers \/ Josele Santiago \/ El Bicho \/ Raimundo Amador \/ Chambao \/ Deluxe \/ The Charlatans \/ Fuel Fandango \/ La Bien Querida \/ Annie B Sweet \/ !!! (CHK \/ CHK \/ CHK) \/ Fanfarlo \/ La Casa Azul \/ Clap Your Hands Say Yeah \/ La Casa Azul \/ The Pains of Being \/ Pure at Heart \/ The Ting Tings \/ James Murphy \/ Russian Red \/ HATEM \/ Tulsa \/ The Dandy Wharhols \/ Vive la Fet\u00ea \/ The Charlatans \/ White Lies \/ Berri Txarrak \/ Sunset Sons \/ Los Planetas \/ Nothing But Thieves \/ M.Ward \/ Roosevelt \/ Tri\u00e1ngulo de Amor Bizarro\u2026<\/p>\t\t\n\t\t\t<h2>FESTIVALS<\/h2>\t\t\n\t\t<p>Holi Party Festival, OBA Festival, Las M\u00fasicas, Electrosonic, Aquasella, Santander Music, Mundaka Festival, Bay of Biscay, Gij\u00f3n Sound festival...<\/p>\t\t\n\t\t\t<h2>SALAS<\/h2>\t\t\n\t\t<p>Escenario Santander, Parque del Piles, Rock Star, El Jard\u00edn, Teatro Jovellanos, Teatro de la Laboral, Centro Niemeyer, Teatro Alb\u00e9niz.....<\/p>\t\t\n\t\t\t\t\t\t\t\t\t\t\t\t\t\t\t\t<a href=\"https:\/\/mestizoproducciones.es\/en\/landing-page\/\">\n\t\t\t\t\t\t\t<img loading=\"lazy\" decoding=\"async\" width=\"552\" height=\"162\" src=\"https:\/\/mestizoproducciones.es\/wp-content\/uploads\/2021\/11\/Mestizo-Producciones.png\" alt=\"Mestizo Producciones\" \/>\t\t\t\t\t\t\t\t<\/a>\n\t\t\t<a href=\"https:\/\/www.google.com\/maps\/place\/Cam.+Nogales,+318,+33203+Gij%C3%B3n,+Asturias\/@43.5371728,-5.6165433,17z\/data=!3m1!4b1!4m10!1m2!2m1!1sCamino+Nogales,+318+332063+-+Gij%C3%B3n!3m6!1s0xd367b07e091382b:0x4373e9fc75974b43!8m2!3d43.5371689!4d-5.6139684!15sCiNDYW1pbm8gTm9nYWxlcywgMzE4IDMzMjA2MyAtIEdpasOzbpIBEWNvbXBvdW5kX2J1aWxkaW5n4AEA!16s%2Fg%2F11c2df9cgz?entry=ttu\">\n\t\t\t\t\t\t<\/a>\n\t\t<p><a href=\"https:\/\/www.google.com\/maps\/place\/Cam.+Nogales,+318,+33203+Gij%C3%B3n,+Asturias\/@43.5371728,-5.6165433,17z\/data=!3m1!4b1!4m10!1m2!2m1!1sCamino+Nogales,+318+332063+-+Gij%C3%B3n!3m6!1s0xd367b07e091382b:0x4373e9fc75974b43!8m2!3d43.5371689!4d-5.6139684!15sCiNDYW1pbm8gTm9nYWxlcywgMzE4IDMzMjA2MyAtIEdpasOzbpIBEWNvbXBvdW5kX2J1aWxkaW5n4AEA!16s%2Fg%2F11c2df9cgz?entry=ttu\">Camino Nogales, 318<\/a><br \/><a href=\"https:\/\/www.google.com\/maps\/place\/Cam.+Nogales,+318,+33203+Gij%C3%B3n,+Asturias\/@43.5371728,-5.6165433,17z\/data=!3m1!4b1!4m10!1m2!2m1!1sCamino+Nogales,+318+332063+-+Gij%C3%B3n!3m6!1s0xd367b07e091382b:0x4373e9fc75974b43!8m2!3d43.5371689!4d-5.6139684!15sCiNDYW1pbm8gTm9nYWxlcywgMzE4IDMzMjA2MyAtIEdpasOzbpIBEWNvbXBvdW5kX2J1aWxkaW5n4AEA!16s%2Fg%2F11c2df9cgz?entry=ttu\">33203 - Gij\u00f3n<\/a><\/p>\t\t\n\t\t\t<a href=\"mailto:info@mestizoproducciones.es\">\n\t\t\t\t\t\t<\/a>\n\t\t<p><a href=\"mailto:info@mestizoproducciones.es\">info@mestizoproducciones.es<\/a><\/p>\t\t\n\t\t\t<a href=\"tel:984394141\">\n\t\t\t\t\t\t<\/a>\n\t\t<p><a href=\"tel:984294141\">984 394 141<\/a><\/p>\t\t\n\t\t<p><a href=\"https:\/\/mestizoproducciones.es\/en\/\">Home<\/a><\/p><p><a href=\"https:\/\/mestizoproducciones.es\/en\/noticias\/\">News<\/a><\/p><p><a href=\"https:\/\/mestizoproducciones.es\/en\/nosotros\/\">About us<\/a><\/p><p><a href=\"https:\/\/mestizoproducciones.es\/en\/proyectos\/\">Projects<\/a><\/p><p><a href=\"https:\/\/mestizoproducciones.es\/en\/servicios\/\">Services<\/a><\/p><p><a href=\"https:\/\/mestizoproducciones.es\/en\/multimedia\/\">Multimedia<\/a><\/p>\t\t\n\t\t<p><a href=\"https:\/\/mestizoproducciones.es\/en\/festivales\/\">Festivals<\/a><\/p><p><a href=\"https:\/\/entradas.mestizoproducciones.es\/\">Tickets<\/a><\/p><p><a href=\"https:\/\/gijonsoundfestival.com\/\">Gij\u00f3n Sound<\/a><\/p><p><a href=\"https:\/\/escenariosantander.es\/\">Escenario Santander<\/a><\/p><p><a href=\"https:\/\/lapipa.io\/\">La Pipa<\/a><\/p>\t\t\n\t\t<p><a href=\"https:\/\/mestizoproducciones.es\/en\/aviso-legal\/\">Legal Notice<\/a><\/p><p><a href=\"https:\/\/mestizoproducciones.es\/en\/accesibilidad\/\">Accessibility<\/a><\/p><p><a href=\"https:\/\/mestizoproducciones.es\/en\/politica-de-cookies-ue\/\">Pol\u00edtica de cookies (UE)<\/a><\/p><p><a href=\"https:\/\/mestizoproducciones.es\/sitemap_index.xml\">Sitemap<\/a><\/p><p><a href=\"https:\/\/mestizoproducciones.es\/en\/contacto\/\">Contact<\/a><\/p>\t\t\n\t\t\t\t\t<a href=\"https:\/\/www.facebook.com\/MestizoProducciones\" target=\"_blank\" rel=\"noopener\">\n\t\t\t\t\t\tFacebook\n\t\t\t\t\t\t\t\t\t\t\t<\/a>\n\t\t\t\t\t<a href=\"https:\/\/twitter.com\/MestizoMusica\" target=\"_blank\" rel=\"noopener\">\n\t\t\t\t\t\tTwitter\n\t\t\t\t\t\t\t\t\t\t\t<\/a>\n\t\t\t\t\t<a href=\"https:\/\/www.youtube.com\/channel\/UC9634_d3JoW1KAT0mhn2XzA\" target=\"_blank\" rel=\"noopener\">\n\t\t\t\t\t\tYoutube\n\t\t\t\t\t\t\t\t\t\t\t<\/a>\n\t\t\t\t\t<a href=\"https:\/\/www.instagram.com\/produccionesmestizo\/\" target=\"_blank\" rel=\"noopener\">\n\t\t\t\t\t\tInstagram\n\t\t\t\t\t\t\t\t\t\t\t<\/a>\n\t\t\t\t\t<a href=\"https:\/\/www.linkedin.com\/company-beta\/13268131\/\" target=\"_blank\" rel=\"noopener\">\n\t\t\t\t\t\tLinkedin\n\t\t\t\t\t\t\t\t\t\t\t<\/a>\n\t\t\t\t\t<a href=\"https:\/\/www.flickr.com\/photos\/mestizoprod\/\" target=\"_blank\" rel=\"noopener\">\n\t\t\t\t\t\tFlickr\n\t\t\t\t\t\t\t\t\t\t\t<\/a>\n\t\t<p><a href=\"https:\/\/www.i4life.es\/\">i4life innovaci\u00f3n y desarrollos SL<\/a> \u00a9 2023\u00a0<\/p>\t\t\n\t\t\t\t\t\t\t\t\t\t\t\t\t\t\t<img loading=\"lazy\" decoding=\"async\" width=\"1024\" height=\"56\" src=\"https:\/\/mestizoproducciones.es\/wp-content\/uploads\/2023\/06\/Logotipos_Materia_Publicitaria-e1686814573999-1024x56.jpg\" alt=\"Logotipos de la materia publicitaria\" \/>\t\t\t\t\t\t\t\t\t\t\t\t\t\t\t\n\t\t\t\t\t\t\t\t\t\t\t\t\t\t\t<img loading=\"lazy\" decoding=\"async\" width=\"1024\" height=\"651\" src=\"https:\/\/mestizoproducciones.es\/wp-content\/uploads\/2023\/06\/Logo-Consejeria-de-Ciencia-1024x651.jpg\" alt=\"Logo Consejer\u00eda de ciencia, innovaci\u00f3n y universidad de Asturias\" \/>","protected":false},"excerpt":{"rendered":"<p>Inicio Noticias Nosotros Proyectos Servicios Multimedia Entradas SERVICIOS SERVICIOS PRODUCCI\u00d3N Nos dedicamos a la planificaci\u00f3n, producci\u00f3n y organizaci\u00f3n de todo tipo de eventos musicales y culturales. Booking Ofrecemos servicios de contrataci\u00f3n de artistas para celebrar conciertos y festivales producidos por terceras partes. COMUNICACI\u00d3N Estamos especializados en dise\u00f1ar estrategias de comunicaci\u00f3n a medida de las necesidades [&hellip;]<\/p>\n","protected":false},"author":5,"featured_media":0,"parent":0,"menu_order":0,"comment_status":"closed","ping_status":"closed","template":"elementor_canvas","meta":{"footnotes":""},"class_list":["post-9216","page","type-page","status-publish","hentry"],"yoast_head":"<!-- This site is optimized with the Yoast SEO plugin v27.6 - https:\/\/yoast.com\/product\/yoast-seo-wordpress\/ -->\n<title>Servicios - Mestizo Producciones<\/title>\n<meta name=\"description\" content=\"Mestizo producciones es una productora musical asturiana especializada en mannagement, comunicaci\u00f3n y producci\u00f3n y booking\" \/>\n<meta name=\"robots\" content=\"index, follow, max-snippet:-1, max-image-preview:large, max-video-preview:-1\" \/>\n<link rel=\"canonical\" href=\"https:\/\/mestizoproducciones.es\/en\/servicios\/\" \/>\n<meta property=\"og:locale\" content=\"en_GB\" \/>\n<meta property=\"og:type\" content=\"article\" \/>\n<meta property=\"og:title\" content=\"Servicios - Mestizo Producciones\" \/>\n<meta property=\"og:description\" content=\"Mestizo producciones es una productora musical asturiana especializada en mannagement, comunicaci\u00f3n y producci\u00f3n y booking\" \/>\n<meta property=\"og:url\" content=\"https:\/\/mestizoproducciones.es\/en\/servicios\/\" \/>\n<meta property=\"og:site_name\" content=\"Mestizo Producciones\" \/>\n<meta property=\"article:publisher\" content=\"https:\/\/www.facebook.com\/Mestizo-Producciones-Gij%c3%b3n-67646475399\/?fref=ts\" \/>\n<meta property=\"article:modified_time\" content=\"2023-10-23T11:26:49+00:00\" \/>\n<meta property=\"og:image\" content=\"https:\/\/mestizoproducciones.es\/wp-content\/uploads\/2023\/06\/Mestizo-Producciones_bn-300x88-1.png\" \/>\n<meta name=\"twitter:card\" content=\"summary_large_image\" \/>\n<meta name=\"twitter:label1\" content=\"Estimated reading time\" \/>\n\t<meta name=\"twitter:data1\" content=\"5 minutes\" \/>\n<script type=\"application\/ld+json\" class=\"yoast-schema-graph\">{\"@context\":\"https:\\\/\\\/schema.org\",\"@graph\":[{\"@type\":\"WebPage\",\"@id\":\"https:\\\/\\\/mestizoproducciones.es\\\/servicios\\\/\",\"url\":\"https:\\\/\\\/mestizoproducciones.es\\\/servicios\\\/\",\"name\":\"Servicios - Mestizo Producciones\",\"isPartOf\":{\"@id\":\"https:\\\/\\\/mestizoproducciones.es\\\/#website\"},\"primaryImageOfPage\":{\"@id\":\"https:\\\/\\\/mestizoproducciones.es\\\/servicios\\\/#primaryimage\"},\"image\":{\"@id\":\"https:\\\/\\\/mestizoproducciones.es\\\/servicios\\\/#primaryimage\"},\"thumbnailUrl\":\"https:\\\/\\\/mestizoproducciones.es\\\/wp-content\\\/uploads\\\/2023\\\/06\\\/Mestizo-Producciones_bn-300x88-1.png\",\"datePublished\":\"2023-06-12T09:26:29+00:00\",\"dateModified\":\"2023-10-23T11:26:49+00:00\",\"description\":\"Mestizo producciones es una productora musical asturiana especializada en mannagement, comunicaci\u00f3n y producci\u00f3n y booking\",\"breadcrumb\":{\"@id\":\"https:\\\/\\\/mestizoproducciones.es\\\/servicios\\\/#breadcrumb\"},\"inLanguage\":\"en-GB\",\"potentialAction\":[{\"@type\":\"ReadAction\",\"target\":[\"https:\\\/\\\/mestizoproducciones.es\\\/servicios\\\/\"]}]},{\"@type\":\"ImageObject\",\"inLanguage\":\"en-GB\",\"@id\":\"https:\\\/\\\/mestizoproducciones.es\\\/servicios\\\/#primaryimage\",\"url\":\"https:\\\/\\\/mestizoproducciones.es\\\/wp-content\\\/uploads\\\/2023\\\/06\\\/Mestizo-Producciones_bn-300x88-1.png\",\"contentUrl\":\"https:\\\/\\\/mestizoproducciones.es\\\/wp-content\\\/uploads\\\/2023\\\/06\\\/Mestizo-Producciones_bn-300x88-1.png\"},{\"@type\":\"BreadcrumbList\",\"@id\":\"https:\\\/\\\/mestizoproducciones.es\\\/servicios\\\/#breadcrumb\",\"itemListElement\":[{\"@type\":\"ListItem\",\"position\":1,\"name\":\"Portada\",\"item\":\"https:\\\/\\\/mestizoproducciones.es\\\/\"},{\"@type\":\"ListItem\",\"position\":2,\"name\":\"Servicios\"}]},{\"@type\":\"WebSite\",\"@id\":\"https:\\\/\\\/mestizoproducciones.es\\\/#website\",\"url\":\"https:\\\/\\\/mestizoproducciones.es\\\/\",\"name\":\"Mestizo Producciones\",\"description\":\"Producci\u00f3n, contrataci\u00f3n, representaci\u00f3n y comunicaci\u00f3n. Desde 1997.\",\"potentialAction\":[{\"@type\":\"SearchAction\",\"target\":{\"@type\":\"EntryPoint\",\"urlTemplate\":\"https:\\\/\\\/mestizoproducciones.es\\\/?s={search_term_string}\"},\"query-input\":{\"@type\":\"PropertyValueSpecification\",\"valueRequired\":true,\"valueName\":\"search_term_string\"}}],\"inLanguage\":\"en-GB\"}]}<\/script>\n<!-- \/ Yoast SEO plugin. -->","yoast_head_json":{"title":"Servicios - Mestizo Producciones","description":"Mestizo producciones es una productora musical asturiana especializada en mannagement, comunicaci\u00f3n y producci\u00f3n y booking","robots":{"index":"index","follow":"follow","max-snippet":"max-snippet:-1","max-image-preview":"max-image-preview:large","max-video-preview":"max-video-preview:-1"},"canonical":"https:\/\/mestizoproducciones.es\/en\/servicios\/","og_locale":"en_GB","og_type":"article","og_title":"Servicios - Mestizo Producciones","og_description":"Mestizo producciones es una productora musical asturiana especializada en mannagement, comunicaci\u00f3n y producci\u00f3n y booking","og_url":"https:\/\/mestizoproducciones.es\/en\/servicios\/","og_site_name":"Mestizo Producciones","article_publisher":"https:\/\/www.facebook.com\/Mestizo-Producciones-Gij%c3%b3n-67646475399\/?fref=ts","article_modified_time":"2023-10-23T11:26:49+00:00","og_image":[{"url":"https:\/\/mestizoproducciones.es\/wp-content\/uploads\/2023\/06\/Mestizo-Producciones_bn-300x88-1.png","type":"","width":"","height":""}],"twitter_card":"summary_large_image","twitter_misc":{"Estimated reading time":"5 minutes"},"schema":{"@context":"https:\/\/schema.org","@graph":[{"@type":"WebPage","@id":"https:\/\/mestizoproducciones.es\/servicios\/","url":"https:\/\/mestizoproducciones.es\/servicios\/","name":"Servicios - Mestizo Producciones","isPartOf":{"@id":"https:\/\/mestizoproducciones.es\/#website"},"primaryImageOfPage":{"@id":"https:\/\/mestizoproducciones.es\/servicios\/#primaryimage"},"image":{"@id":"https:\/\/mestizoproducciones.es\/servicios\/#primaryimage"},"thumbnailUrl":"https:\/\/mestizoproducciones.es\/wp-content\/uploads\/2023\/06\/Mestizo-Producciones_bn-300x88-1.png","datePublished":"2023-06-12T09:26:29+00:00","dateModified":"2023-10-23T11:26:49+00:00","description":"Mestizo producciones es una productora musical asturiana especializada en mannagement, comunicaci\u00f3n y producci\u00f3n y booking","breadcrumb":{"@id":"https:\/\/mestizoproducciones.es\/servicios\/#breadcrumb"},"inLanguage":"en-GB","potentialAction":[{"@type":"ReadAction","target":["https:\/\/mestizoproducciones.es\/servicios\/"]}]},{"@type":"ImageObject","inLanguage":"en-GB","@id":"https:\/\/mestizoproducciones.es\/servicios\/#primaryimage","url":"https:\/\/mestizoproducciones.es\/wp-content\/uploads\/2023\/06\/Mestizo-Producciones_bn-300x88-1.png","contentUrl":"https:\/\/mestizoproducciones.es\/wp-content\/uploads\/2023\/06\/Mestizo-Producciones_bn-300x88-1.png"},{"@type":"BreadcrumbList","@id":"https:\/\/mestizoproducciones.es\/servicios\/#breadcrumb","itemListElement":[{"@type":"ListItem","position":1,"name":"Portada","item":"https:\/\/mestizoproducciones.es\/"},{"@type":"ListItem","position":2,"name":"Servicios"}]},{"@type":"WebSite","@id":"https:\/\/mestizoproducciones.es\/#website","url":"https:\/\/mestizoproducciones.es\/","name":"Mestizo Producciones","description":"Producci\u00f3n, contrataci\u00f3n, representaci\u00f3n y comunicaci\u00f3n. Desde 1997.","potentialAction":[{"@type":"SearchAction","target":{"@type":"EntryPoint","urlTemplate":"https:\/\/mestizoproducciones.es\/?s={search_term_string}"},"query-input":{"@type":"PropertyValueSpecification","valueRequired":true,"valueName":"search_term_string"}}],"inLanguage":"en-GB"}]}},"rttpg_featured_image_url":null,"rttpg_author":{"display_name":"i4life Tecnolog\u00eda y Desarrollo","author_link":"https:\/\/mestizoproducciones.es\/en\/author\/i4life\/"},"rttpg_comment":0,"rttpg_category":null,"rttpg_excerpt":"Inicio Noticias Nosotros Proyectos Servicios Multimedia Entradas SERVICIOS SERVICIOS PRODUCCI\u00d3N Nos dedicamos a la planificaci\u00f3n, producci\u00f3n y organizaci\u00f3n de todo tipo de eventos musicales y culturales. Booking Ofrecemos servicios de contrataci\u00f3n de artistas para celebrar conciertos y festivales producidos por terceras partes. COMUNICACI\u00d3N Estamos especializados en dise\u00f1ar estrategias de comunicaci\u00f3n a medida de las necesidades&hellip;","_links":{"self":[{"href":"https:\/\/mestizoproducciones.es\/en\/wp-json\/wp\/v2\/pages\/9216","targetHints":{"allow":["GET"]}}],"collection":[{"href":"https:\/\/mestizoproducciones.es\/en\/wp-json\/wp\/v2\/pages"}],"about":[{"href":"https:\/\/mestizoproducciones.es\/en\/wp-json\/wp\/v2\/types\/page"}],"author":[{"embeddable":true,"href":"https:\/\/mestizoproducciones.es\/en\/wp-json\/wp\/v2\/users\/5"}],"replies":[{"embeddable":true,"href":"https:\/\/mestizoproducciones.es\/en\/wp-json\/wp\/v2\/comments?post=9216"}],"version-history":[{"count":98,"href":"https:\/\/mestizoproducciones.es\/en\/wp-json\/wp\/v2\/pages\/9216\/revisions"}],"predecessor-version":[{"id":10365,"href":"https:\/\/mestizoproducciones.es\/en\/wp-json\/wp\/v2\/pages\/9216\/revisions\/10365"}],"wp:attachment":[{"href":"https:\/\/mestizoproducciones.es\/en\/wp-json\/wp\/v2\/media?parent=9216"}],"curies":[{"name":"wp","href":"https:\/\/api.w.org\/{rel}","templated":true}]}}