{"id":9187,"date":"2023-06-12T09:10:05","date_gmt":"2023-06-12T09:10:05","guid":{"rendered":"https:\/\/mestizoproducciones.es\/?page_id=9187"},"modified":"2023-10-23T11:21:13","modified_gmt":"2023-10-23T11:21:13","slug":"contacto","status":"publish","type":"page","link":"https:\/\/mestizoproducciones.es\/en\/contacto\/","title":{"rendered":"Contact"},"content":{"rendered":"<a href=\"https:\/\/mestizoproducciones.es\/en\/landing-page\/\">\n\t\t\t\t\t\t\t<img loading=\"lazy\" decoding=\"async\" width=\"300\" height=\"88\" src=\"https:\/\/mestizoproducciones.es\/wp-content\/uploads\/2023\/06\/Mestizo-Producciones_bn-300x88-1.png\" alt=\"Mestizo Producciones\" \/>\t\t\t\t\t\t\t\t<\/a>\n\t\t\t<ul id=\"menu-menu-hamburguesa-2\"><li><a href=\"https:\/\/mestizoproducciones.es\/en\/\">Home<\/a><\/li>\n<li><a href=\"https:\/\/mestizoproducciones.es\/en\/noticias\/\">News<\/a><\/li>\n<li><a href=\"https:\/\/mestizoproducciones.es\/en\/nosotros\/\">About us<\/a><\/li>\n<li><a href=\"https:\/\/mestizoproducciones.es\/en\/proyectos\/\">Projects<\/a><\/li>\n<li><a href=\"https:\/\/mestizoproducciones.es\/en\/servicios\/\">Services<\/a><\/li>\n<li><a href=\"https:\/\/mestizoproducciones.es\/en\/multimedia\/\">Multimedia<\/a><\/li>\n<li><a href=\"https:\/\/entradas.mestizoproducciones.es\/web\/?menu=36&#038;pagina=&#038;siteID=mestizoproducciones\">Tickets<\/a><\/li>\n<\/ul>\t\t\n\t\t\t<h2>CONTACTO<\/h2>\t\t\n\t\t\t<h3>Nuestra Oficina<\/h3>\t\t\n\t\t<p>Camino Nogales, 318 <br>33203 - Gij\u00f3n<br>(Asturias) ESPA\u00d1A<\/p><p><a style=\"color: black; text-decoration: underline;\" href=\"https:\/\/www.google.com\/maps\/place\/Cam.+Nogales,+318,+33203+Gij%C3%B3n,+Asturias\/@43.537183,-5.6324223,15z\/data=!3m1!4b1!4m10!1m2!2m1!1sCamino+Nogales,+318+332063+-+Gij%C3%B3n!3m6!1s0xd367b07e091382b:0x4373e9fc75974b43!8m2!3d43.5371689!4d-5.6139684!15sCiNDYW1pbm8gTm9nYWxlcywgMzE4IDMzMjA2MyAtIEdpasOzbpIBEWNvbXBvdW5kX2J1aWxkaW5n4AEA!16s%2Fg%2F11c2df9cgz?entry=ttu\">Ver el mapa\u00a0<\/a><\/p>\t\t\n\t\t\t<h3>Escr\u00edbenos<\/h3>\t\t\n\t\t<a style=\"color:black;\" href=\"mailto:info@mestizoproducciones.es\">info@mestizoproducciones.es<\/a>\t\t\n\t\t\t<h3>Ll\u00e1manos<\/h3>\t\t\n\t\t<a style=\"color:black;\" href=\"tel:984 395 141\">984 395 141<\/a>\t\t\n\t\t\t\t\t\t\t\t\t\t\t\t\t\t\t<img loading=\"lazy\" decoding=\"async\" width=\"1024\" height=\"510\" src=\"https:\/\/mestizoproducciones.es\/wp-content\/uploads\/2023\/06\/fest-1024x510.png\" alt=\"\" \/>\t\t\t\t\t\t\t\t\t\t\t\t\t\t\t\n\t\t\t\t\t\t\t\t\t\t\t\t\t\t\t\t<a href=\"https:\/\/mestizoproducciones.es\/en\/landing-page\/\">\n\t\t\t\t\t\t\t<img loading=\"lazy\" decoding=\"async\" width=\"552\" height=\"162\" src=\"https:\/\/mestizoproducciones.es\/wp-content\/uploads\/2021\/11\/Mestizo-Producciones.png\" alt=\"Mestizo Producciones\" \/>\t\t\t\t\t\t\t\t<\/a>\n\t\t\t<a href=\"https:\/\/www.google.com\/maps\/place\/Cam.+Nogales,+318,+33203+Gij%C3%B3n,+Asturias\/@43.5371728,-5.6165433,17z\/data=!3m1!4b1!4m10!1m2!2m1!1sCamino+Nogales,+318+332063+-+Gij%C3%B3n!3m6!1s0xd367b07e091382b:0x4373e9fc75974b43!8m2!3d43.5371689!4d-5.6139684!15sCiNDYW1pbm8gTm9nYWxlcywgMzE4IDMzMjA2MyAtIEdpasOzbpIBEWNvbXBvdW5kX2J1aWxkaW5n4AEA!16s%2Fg%2F11c2df9cgz?entry=ttu\">\n\t\t\t\t\t\t<\/a>\n\t\t<p><a href=\"https:\/\/www.google.com\/maps\/place\/Cam.+Nogales,+318,+33203+Gij%C3%B3n,+Asturias\/@43.5371728,-5.6165433,17z\/data=!3m1!4b1!4m10!1m2!2m1!1sCamino+Nogales,+318+332063+-+Gij%C3%B3n!3m6!1s0xd367b07e091382b:0x4373e9fc75974b43!8m2!3d43.5371689!4d-5.6139684!15sCiNDYW1pbm8gTm9nYWxlcywgMzE4IDMzMjA2MyAtIEdpasOzbpIBEWNvbXBvdW5kX2J1aWxkaW5n4AEA!16s%2Fg%2F11c2df9cgz?entry=ttu\">Camino Nogales, 318<\/a><br \/><a href=\"https:\/\/www.google.com\/maps\/place\/Cam.+Nogales,+318,+33203+Gij%C3%B3n,+Asturias\/@43.5371728,-5.6165433,17z\/data=!3m1!4b1!4m10!1m2!2m1!1sCamino+Nogales,+318+332063+-+Gij%C3%B3n!3m6!1s0xd367b07e091382b:0x4373e9fc75974b43!8m2!3d43.5371689!4d-5.6139684!15sCiNDYW1pbm8gTm9nYWxlcywgMzE4IDMzMjA2MyAtIEdpasOzbpIBEWNvbXBvdW5kX2J1aWxkaW5n4AEA!16s%2Fg%2F11c2df9cgz?entry=ttu\">33203 - Gij\u00f3n<\/a><\/p>\t\t\n\t\t\t<a href=\"mailto:info@mestizoproducciones.es\">\n\t\t\t\t\t\t<\/a>\n\t\t<p><a href=\"mailto:info@mestizoproducciones.es\">info@mestizoproducciones.es<\/a><\/p>\t\t\n\t\t\t<a href=\"tel:984394141\">\n\t\t\t\t\t\t<\/a>\n\t\t<p><a href=\"tel:984294141\">984 394 141<\/a><\/p>\t\t\n\t\t<p><a href=\"https:\/\/mestizoproducciones.es\/en\/\">Home<\/a><\/p><p><a href=\"https:\/\/mestizoproducciones.es\/en\/noticias\/\">News<\/a><\/p><p><a href=\"https:\/\/mestizoproducciones.es\/en\/nosotros\/\">About us<\/a><\/p><p><a href=\"https:\/\/mestizoproducciones.es\/en\/proyectos\/\">Projects<\/a><\/p><p><a href=\"https:\/\/mestizoproducciones.es\/en\/servicios\/\">Services<\/a><\/p><p><a href=\"https:\/\/mestizoproducciones.es\/en\/multimedia\/\">Multimedia<\/a><\/p>\t\t\n\t\t<p><a href=\"https:\/\/mestizoproducciones.es\/en\/festivales\/\">Festivals<\/a><\/p><p><a href=\"https:\/\/entradas.mestizoproducciones.es\/\">Tickets<\/a><\/p><p><a href=\"https:\/\/gijonsoundfestival.com\/\">Gij\u00f3n Sound<\/a><\/p><p><a href=\"https:\/\/escenariosantander.es\/\">Escenario Santander<\/a><\/p><p><a href=\"https:\/\/lapipa.io\/\">La Pipa<\/a><\/p>\t\t\n\t\t<p><a href=\"https:\/\/mestizoproducciones.es\/en\/aviso-legal\/\">Legal Notice<\/a><\/p><p><a href=\"https:\/\/mestizoproducciones.es\/en\/accesibilidad\/\">Accessibility<\/a><\/p><p><a href=\"https:\/\/mestizoproducciones.es\/en\/politica-de-cookies-ue\/\">Pol\u00edtica de cookies (UE)<\/a><\/p><p><a href=\"https:\/\/mestizoproducciones.es\/sitemap_index.xml\">Sitemap<\/a><\/p><p><a href=\"https:\/\/mestizoproducciones.es\/en\/contacto\/\">Contact<\/a><\/p>\t\t\n\t\t\t\t\t<a href=\"https:\/\/www.facebook.com\/MestizoProducciones\" target=\"_blank\" rel=\"noopener\">\n\t\t\t\t\t\tFacebook\n\t\t\t\t\t\t\t\t\t\t\t<\/a>\n\t\t\t\t\t<a href=\"https:\/\/twitter.com\/MestizoMusica\" target=\"_blank\" rel=\"noopener\">\n\t\t\t\t\t\tTwitter\n\t\t\t\t\t\t\t\t\t\t\t<\/a>\n\t\t\t\t\t<a href=\"https:\/\/www.youtube.com\/channel\/UC9634_d3JoW1KAT0mhn2XzA\" target=\"_blank\" rel=\"noopener\">\n\t\t\t\t\t\tYoutube\n\t\t\t\t\t\t\t\t\t\t\t<\/a>\n\t\t\t\t\t<a href=\"https:\/\/www.instagram.com\/produccionesmestizo\/\" target=\"_blank\" rel=\"noopener\">\n\t\t\t\t\t\tInstagram\n\t\t\t\t\t\t\t\t\t\t\t<\/a>\n\t\t\t\t\t<a href=\"https:\/\/www.linkedin.com\/company-beta\/13268131\/\" target=\"_blank\" rel=\"noopener\">\n\t\t\t\t\t\tLinkedin\n\t\t\t\t\t\t\t\t\t\t\t<\/a>\n\t\t\t\t\t<a href=\"https:\/\/www.flickr.com\/photos\/mestizoprod\/\" target=\"_blank\" rel=\"noopener\">\n\t\t\t\t\t\tFlickr\n\t\t\t\t\t\t\t\t\t\t\t<\/a>\n\t\t<p><a href=\"https:\/\/www.i4life.es\/\">i4life innovaci\u00f3n y desarrollos SL<\/a> \u00a9 2023\u00a0<\/p>\t\t\n\t\t\t\t\t\t\t\t\t\t\t\t\t\t\t<img loading=\"lazy\" decoding=\"async\" width=\"1024\" height=\"56\" src=\"https:\/\/mestizoproducciones.es\/wp-content\/uploads\/2023\/06\/Logotipos_Materia_Publicitaria-e1686814573999-1024x56.jpg\" alt=\"Logotipos de la materia publicitaria\" \/>\t\t\t\t\t\t\t\t\t\t\t\t\t\t\t\n\t\t\t\t\t\t\t\t\t\t\t\t\t\t\t<img loading=\"lazy\" decoding=\"async\" width=\"1024\" height=\"651\" src=\"https:\/\/mestizoproducciones.es\/wp-content\/uploads\/2023\/06\/Logo-Consejeria-de-Ciencia-1024x651.jpg\" alt=\"Logo Consejer\u00eda de ciencia, innovaci\u00f3n y universidad de Asturias\" \/>","protected":false},"excerpt":{"rendered":"<p>Inicio Noticias Nosotros Proyectos Servicios Multimedia Entradas CONTACTO Nuestra Oficina Camino Nogales, 318 33203 &#8211; Gij\u00f3n(Asturias) ESPA\u00d1A Ver el mapa\u00a0 Escr\u00edbenos info@mestizoproducciones.es Ll\u00e1manos 984 395 141 Camino Nogales, 31833203 &#8211; Gij\u00f3n info@mestizoproducciones.es 984 394 141 Inicio Noticias Nosotros Proyectos Servicios Multimedia Festivales Entradas Gij\u00f3n Sound Escenario Santander La Pipa Aviso Legal Accesibilidad Pol\u00edtica de cookies [&hellip;]<\/p>\n","protected":false},"author":5,"featured_media":0,"parent":0,"menu_order":0,"comment_status":"closed","ping_status":"closed","template":"elementor_canvas","meta":{"footnotes":""},"class_list":["post-9187","page","type-page","status-publish","hentry"],"yoast_head":"<!-- This site is optimized with the Yoast SEO plugin v27.6 - https:\/\/yoast.com\/product\/yoast-seo-wordpress\/ -->\n<title>Contacto - Mestizo Producciones<\/title>\n<meta name=\"description\" content=\"Datos de contacto de Mestizo Producciones, una productora musical con a\u00f1os de experiencia localizada en Gij\u00f3n, Asturias.\" \/>\n<meta name=\"robots\" content=\"index, follow, max-snippet:-1, max-image-preview:large, max-video-preview:-1\" \/>\n<link rel=\"canonical\" href=\"https:\/\/mestizoproducciones.es\/en\/contacto\/\" \/>\n<meta property=\"og:locale\" content=\"en_GB\" \/>\n<meta property=\"og:type\" content=\"article\" \/>\n<meta property=\"og:title\" content=\"Contacto - Mestizo Producciones\" \/>\n<meta property=\"og:description\" content=\"Datos de contacto de Mestizo Producciones, una productora musical con a\u00f1os de experiencia localizada en Gij\u00f3n, Asturias.\" \/>\n<meta property=\"og:url\" content=\"https:\/\/mestizoproducciones.es\/en\/contacto\/\" \/>\n<meta property=\"og:site_name\" content=\"Mestizo Producciones\" \/>\n<meta property=\"article:publisher\" content=\"https:\/\/www.facebook.com\/Mestizo-Producciones-Gij%c3%b3n-67646475399\/?fref=ts\" \/>\n<meta property=\"article:modified_time\" content=\"2023-10-23T11:21:13+00:00\" \/>\n<meta property=\"og:image\" content=\"https:\/\/mestizoproducciones.es\/wp-content\/uploads\/2023\/06\/Mestizo-Producciones_bn-300x88-1.png\" \/>\n<meta name=\"twitter:card\" content=\"summary_large_image\" \/>\n<meta name=\"twitter:label1\" content=\"Estimated reading time\" \/>\n\t<meta name=\"twitter:data1\" content=\"2 minutes\" \/>\n<script type=\"application\/ld+json\" class=\"yoast-schema-graph\">{\"@context\":\"https:\\\/\\\/schema.org\",\"@graph\":[{\"@type\":\"WebPage\",\"@id\":\"https:\\\/\\\/mestizoproducciones.es\\\/contacto\\\/\",\"url\":\"https:\\\/\\\/mestizoproducciones.es\\\/contacto\\\/\",\"name\":\"Contacto - Mestizo Producciones\",\"isPartOf\":{\"@id\":\"https:\\\/\\\/mestizoproducciones.es\\\/#website\"},\"primaryImageOfPage\":{\"@id\":\"https:\\\/\\\/mestizoproducciones.es\\\/contacto\\\/#primaryimage\"},\"image\":{\"@id\":\"https:\\\/\\\/mestizoproducciones.es\\\/contacto\\\/#primaryimage\"},\"thumbnailUrl\":\"https:\\\/\\\/mestizoproducciones.es\\\/wp-content\\\/uploads\\\/2023\\\/06\\\/Mestizo-Producciones_bn-300x88-1.png\",\"datePublished\":\"2023-06-12T09:10:05+00:00\",\"dateModified\":\"2023-10-23T11:21:13+00:00\",\"description\":\"Datos de contacto de Mestizo Producciones, una productora musical con a\u00f1os de experiencia localizada en Gij\u00f3n, Asturias.\",\"breadcrumb\":{\"@id\":\"https:\\\/\\\/mestizoproducciones.es\\\/contacto\\\/#breadcrumb\"},\"inLanguage\":\"en-GB\",\"potentialAction\":[{\"@type\":\"ReadAction\",\"target\":[\"https:\\\/\\\/mestizoproducciones.es\\\/contacto\\\/\"]}]},{\"@type\":\"ImageObject\",\"inLanguage\":\"en-GB\",\"@id\":\"https:\\\/\\\/mestizoproducciones.es\\\/contacto\\\/#primaryimage\",\"url\":\"https:\\\/\\\/mestizoproducciones.es\\\/wp-content\\\/uploads\\\/2023\\\/06\\\/Mestizo-Producciones_bn-300x88-1.png\",\"contentUrl\":\"https:\\\/\\\/mestizoproducciones.es\\\/wp-content\\\/uploads\\\/2023\\\/06\\\/Mestizo-Producciones_bn-300x88-1.png\"},{\"@type\":\"BreadcrumbList\",\"@id\":\"https:\\\/\\\/mestizoproducciones.es\\\/contacto\\\/#breadcrumb\",\"itemListElement\":[{\"@type\":\"ListItem\",\"position\":1,\"name\":\"Portada\",\"item\":\"https:\\\/\\\/mestizoproducciones.es\\\/\"},{\"@type\":\"ListItem\",\"position\":2,\"name\":\"Contacto\"}]},{\"@type\":\"WebSite\",\"@id\":\"https:\\\/\\\/mestizoproducciones.es\\\/#website\",\"url\":\"https:\\\/\\\/mestizoproducciones.es\\\/\",\"name\":\"Mestizo Producciones\",\"description\":\"Producci\u00f3n, contrataci\u00f3n, representaci\u00f3n y comunicaci\u00f3n. Desde 1997.\",\"potentialAction\":[{\"@type\":\"SearchAction\",\"target\":{\"@type\":\"EntryPoint\",\"urlTemplate\":\"https:\\\/\\\/mestizoproducciones.es\\\/?s={search_term_string}\"},\"query-input\":{\"@type\":\"PropertyValueSpecification\",\"valueRequired\":true,\"valueName\":\"search_term_string\"}}],\"inLanguage\":\"en-GB\"}]}<\/script>\n<!-- \/ Yoast SEO plugin. -->","yoast_head_json":{"title":"Contacto - Mestizo Producciones","description":"Datos de contacto de Mestizo Producciones, una productora musical con a\u00f1os de experiencia localizada en Gij\u00f3n, Asturias.","robots":{"index":"index","follow":"follow","max-snippet":"max-snippet:-1","max-image-preview":"max-image-preview:large","max-video-preview":"max-video-preview:-1"},"canonical":"https:\/\/mestizoproducciones.es\/en\/contacto\/","og_locale":"en_GB","og_type":"article","og_title":"Contacto - Mestizo Producciones","og_description":"Datos de contacto de Mestizo Producciones, una productora musical con a\u00f1os de experiencia localizada en Gij\u00f3n, Asturias.","og_url":"https:\/\/mestizoproducciones.es\/en\/contacto\/","og_site_name":"Mestizo Producciones","article_publisher":"https:\/\/www.facebook.com\/Mestizo-Producciones-Gij%c3%b3n-67646475399\/?fref=ts","article_modified_time":"2023-10-23T11:21:13+00:00","og_image":[{"url":"https:\/\/mestizoproducciones.es\/wp-content\/uploads\/2023\/06\/Mestizo-Producciones_bn-300x88-1.png","type":"","width":"","height":""}],"twitter_card":"summary_large_image","twitter_misc":{"Estimated reading time":"2 minutes"},"schema":{"@context":"https:\/\/schema.org","@graph":[{"@type":"WebPage","@id":"https:\/\/mestizoproducciones.es\/contacto\/","url":"https:\/\/mestizoproducciones.es\/contacto\/","name":"Contacto - Mestizo Producciones","isPartOf":{"@id":"https:\/\/mestizoproducciones.es\/#website"},"primaryImageOfPage":{"@id":"https:\/\/mestizoproducciones.es\/contacto\/#primaryimage"},"image":{"@id":"https:\/\/mestizoproducciones.es\/contacto\/#primaryimage"},"thumbnailUrl":"https:\/\/mestizoproducciones.es\/wp-content\/uploads\/2023\/06\/Mestizo-Producciones_bn-300x88-1.png","datePublished":"2023-06-12T09:10:05+00:00","dateModified":"2023-10-23T11:21:13+00:00","description":"Datos de contacto de Mestizo Producciones, una productora musical con a\u00f1os de experiencia localizada en Gij\u00f3n, Asturias.","breadcrumb":{"@id":"https:\/\/mestizoproducciones.es\/contacto\/#breadcrumb"},"inLanguage":"en-GB","potentialAction":[{"@type":"ReadAction","target":["https:\/\/mestizoproducciones.es\/contacto\/"]}]},{"@type":"ImageObject","inLanguage":"en-GB","@id":"https:\/\/mestizoproducciones.es\/contacto\/#primaryimage","url":"https:\/\/mestizoproducciones.es\/wp-content\/uploads\/2023\/06\/Mestizo-Producciones_bn-300x88-1.png","contentUrl":"https:\/\/mestizoproducciones.es\/wp-content\/uploads\/2023\/06\/Mestizo-Producciones_bn-300x88-1.png"},{"@type":"BreadcrumbList","@id":"https:\/\/mestizoproducciones.es\/contacto\/#breadcrumb","itemListElement":[{"@type":"ListItem","position":1,"name":"Portada","item":"https:\/\/mestizoproducciones.es\/"},{"@type":"ListItem","position":2,"name":"Contacto"}]},{"@type":"WebSite","@id":"https:\/\/mestizoproducciones.es\/#website","url":"https:\/\/mestizoproducciones.es\/","name":"Mestizo Producciones","description":"Producci\u00f3n, contrataci\u00f3n, representaci\u00f3n y comunicaci\u00f3n. Desde 1997.","potentialAction":[{"@type":"SearchAction","target":{"@type":"EntryPoint","urlTemplate":"https:\/\/mestizoproducciones.es\/?s={search_term_string}"},"query-input":{"@type":"PropertyValueSpecification","valueRequired":true,"valueName":"search_term_string"}}],"inLanguage":"en-GB"}]}},"rttpg_featured_image_url":null,"rttpg_author":{"display_name":"i4life Tecnolog\u00eda y Desarrollo","author_link":"https:\/\/mestizoproducciones.es\/en\/author\/i4life\/"},"rttpg_comment":0,"rttpg_category":null,"rttpg_excerpt":"Inicio Noticias Nosotros Proyectos Servicios Multimedia Entradas CONTACTO Nuestra Oficina Camino Nogales, 318 33203 &#8211; Gij\u00f3n(Asturias) ESPA\u00d1A Ver el mapa\u00a0 Escr\u00edbenos info@mestizoproducciones.es Ll\u00e1manos 984 395 141 Camino Nogales, 31833203 &#8211; Gij\u00f3n info@mestizoproducciones.es 984 394 141 Inicio Noticias Nosotros Proyectos Servicios Multimedia Festivales Entradas Gij\u00f3n Sound Escenario Santander La Pipa Aviso Legal Accesibilidad Pol\u00edtica de cookies&hellip;","_links":{"self":[{"href":"https:\/\/mestizoproducciones.es\/en\/wp-json\/wp\/v2\/pages\/9187","targetHints":{"allow":["GET"]}}],"collection":[{"href":"https:\/\/mestizoproducciones.es\/en\/wp-json\/wp\/v2\/pages"}],"about":[{"href":"https:\/\/mestizoproducciones.es\/en\/wp-json\/wp\/v2\/types\/page"}],"author":[{"embeddable":true,"href":"https:\/\/mestizoproducciones.es\/en\/wp-json\/wp\/v2\/users\/5"}],"replies":[{"embeddable":true,"href":"https:\/\/mestizoproducciones.es\/en\/wp-json\/wp\/v2\/comments?post=9187"}],"version-history":[{"count":44,"href":"https:\/\/mestizoproducciones.es\/en\/wp-json\/wp\/v2\/pages\/9187\/revisions"}],"predecessor-version":[{"id":10317,"href":"https:\/\/mestizoproducciones.es\/en\/wp-json\/wp\/v2\/pages\/9187\/revisions\/10317"}],"wp:attachment":[{"href":"https:\/\/mestizoproducciones.es\/en\/wp-json\/wp\/v2\/media?parent=9187"}],"curies":[{"name":"wp","href":"https:\/\/api.w.org\/{rel}","templated":true}]}}