{"id":8013,"date":"2023-06-06T09:58:26","date_gmt":"2023-06-06T09:58:26","guid":{"rendered":"https:\/\/mestizoproducciones.es\/?page_id=8013"},"modified":"2026-05-06T09:36:42","modified_gmt":"2026-05-06T09:36:42","slug":"landing-page","status":"publish","type":"page","link":"https:\/\/mestizoproducciones.es\/en\/","title":{"rendered":"Landing Page"},"content":{"rendered":"<h1 style=\"text-align: center;\">Gij\u00f3n parada del world tour de Eliades Ochoa<\/h1>\r\n<div>\r\n<h2 style=\"text-align: center;\">Cantante, guitarrista y compositor cubano y fundador del Buena Vista Social Club, posee una trayectoria excepcional<\/h2>\r\n<\/div>\r\n<div align=\"center\"><a href=\"https:\/\/entradas.mestizoproducciones.es\/web\/?menu=36&amp;pagina=&amp;siteID=mestizoproducciones\" target=\"_blank\" rel=\"noopener\"><img decoding=\"async\" src=\"https:\/\/www.musikaze.net\/upload\/usrs\/00273\/newsletters\/Newsletter_Mestizo_Eliades_Ochoa.jpg\" border=\"0\" \/><\/a><\/div>\r\n<div>\r\n<h1 style=\"text-align: center;\">Eliades Ochoa<\/h1>\r\n<h2 style=\"text-align: center;\">World Tour. !Como Nunca!<\/h2>\r\n<h2 style=\"text-align: center;\">Teatro de la Laboral - Gij\u00f3n<\/h2>\r\n<h2 style=\"text-align: center;\">Domingo\u00a06 de diciembre 2026<\/h2>\r\n<h1 style=\"text-align: center;\"><a href=\"https:\/\/entradas.mestizoproducciones.es\/web\/?menu=36&amp;pagina=&amp;siteID=mestizoproducciones\" target=\"_blank\" rel=\"noopener\">ENTRADAS A LA VENTA<\/a><\/h1>\r\n&nbsp;\r\n<h2><a href=\"https:\/\/eliadesochoaofficial.com\/\" target=\"_blank\" rel=\"noopener\">Eliades Ochoa<\/a>, uno de los artistas m\u00e1s emblem\u00e1ticos de la m\u00fasica cubana, nos presenta su world tour: Como Nunca<\/h2>\r\n<strong>El legendario Eliades Ochoa, cantante, guitarrista y compositor cubano y fundador del Buena Vista Social Club, posee una trayectoria excepcional.<\/strong>\u00a0Ha publicado m\u00faltiples \u00e1lbumes y\u00a0<strong>ha sido distinguido con prestigiosos galardones como el Grammy Latino, el Grammy Americano, el Latin Award en Canad\u00e1 y, m\u00e1s recientemente, el PremioLa Mar de M\u00fasicas en Cartagena, Espa\u00f1a<\/strong>.\r\n\r\n<iframe style=\"border-radius: 12px;\" src=\"https:\/\/open.spotify.com\/embed\/artist\/0hXHTWhBUEpkyHJ0GnghEH?utm_source=generator\" width=\"100%\" height=\"352\" frameborder=\"0\" allowfullscreen=\"allowfullscreen\" data-testid=\"embed-iframe\"><\/iframe>\r\n\r\nLa gira \u00a1Como Nunca! nace como un canto a la vida y a su recorrido art\u00edstico: un encuentro \u00edntimo y festivo entre Eliades y su p\u00fablico.\u00a0<strong>Es un viaje por su historia musical, donde regresan canciones que han dejado huella, melod\u00edas que lo han acompa\u00f1ado durante d\u00e9cadas y hoy se renuevan con una luz distinta<\/strong>.\r\n\r\n<iframe title=\"YouTube video player\" src=\"https:\/\/www.youtube.com\/embed\/3wAoBVr-_pI?si=gW_aPCMcOyim6CiP\" width=\"560\" height=\"315\" frameborder=\"0\" allowfullscreen=\"allowfullscreen\"><\/iframe>\r\n<iframe title=\"YouTube video player\" src=\"https:\/\/www.youtube.com\/embed\/gM7YknutU-g?si=LtUbNumtQZ-391w2\" width=\"560\" height=\"315\" frameborder=\"0\" allowfullscreen=\"allowfullscreen\"><\/iframe>\r\n\r\nEn cada acorde se percibe el gran momento que atraviesa, la madurez del camino recorrido y la emoci\u00f3n intacta de seguir cantando. \u00a1Como Nunca! es su forma de agradecer a quienes siempre han estado a su lado y de decirles, desde el escenario y el coraz\u00f3n, que vive y canta... como nunca.\r\n\r\nSe continuar\u00e1n anunciando nuevas fechas a lo largo de la gira, que recorrer\u00e1 pa\u00edses como Estados Unidos, Canad\u00e1, Espa\u00f1a, Francia, Reino Unido, Pa\u00edses Bajos.\r\n\r\n<img fetchpriority=\"high\" decoding=\"async\" class=\"wp-image-11187 size-full aligncenter\" src=\"https:\/\/mestizoproducciones.es\/wp-content\/uploads\/2026\/03\/Eliades_Ochoa_gijon.jpg\" alt=\"\" width=\"550\" height=\"778\" srcset=\"https:\/\/mestizoproducciones.es\/wp-content\/uploads\/2026\/03\/Eliades_Ochoa_gijon.jpg 550w, https:\/\/mestizoproducciones.es\/wp-content\/uploads\/2026\/03\/Eliades_Ochoa_gijon-212x300.jpg 212w, https:\/\/mestizoproducciones.es\/wp-content\/uploads\/2026\/03\/Eliades_Ochoa_gijon-8x12.jpg 8w, https:\/\/mestizoproducciones.es\/wp-content\/uploads\/2026\/03\/Eliades_Ochoa_gijon-495x700.jpg 495w\" sizes=\"(max-width: 550px) 100vw, 550px\" \/>\r\n\r\n<\/div>","protected":false},"excerpt":{"rendered":"<p>Gij\u00f3n parada del world tour de Eliades Ochoa Cantante, guitarrista y compositor cubano y fundador del Buena Vista Social Club, posee una trayectoria excepcional Eliades Ochoa World Tour. !Como Nunca! Teatro de la Laboral &#8211; Gij\u00f3n Domingo\u00a06 de diciembre 2026 ENTRADAS A LA VENTA &nbsp; Eliades Ochoa, uno de los artistas m\u00e1s emblem\u00e1ticos de la [&hellip;]<\/p>\n","protected":false},"author":5,"featured_media":7654,"parent":0,"menu_order":0,"comment_status":"closed","ping_status":"closed","template":"elementor_canvas","meta":{"footnotes":""},"class_list":["post-8013","page","type-page","status-publish","has-post-thumbnail","hentry"],"yoast_head":"<!-- This site is optimized with the Yoast SEO plugin v27.6 - https:\/\/yoast.com\/product\/yoast-seo-wordpress\/ -->\n<title>Mestizo Producciones - Vivimos por y para la m\u00fasica<\/title>\n<meta name=\"description\" content=\"Producci\u00f3n, contrataci\u00f3n, representaci\u00f3n y comunicaci\u00f3n. Desde 1997 organizando conciertos. Vivimos por y para la m\u00fasica.\" \/>\n<meta name=\"robots\" content=\"index, follow, max-snippet:-1, max-image-preview:large, max-video-preview:-1\" \/>\n<link rel=\"canonical\" href=\"https:\/\/mestizoproducciones.es\/en\/\" \/>\n<meta property=\"og:locale\" content=\"en_GB\" \/>\n<meta property=\"og:type\" content=\"article\" \/>\n<meta property=\"og:title\" content=\"Mestizo Producciones - Vivimos por y para la m\u00fasica\" \/>\n<meta property=\"og:description\" content=\"Producci\u00f3n, contrataci\u00f3n, representaci\u00f3n y comunicaci\u00f3n. Desde 1997 organizando conciertos. Vivimos por y para la m\u00fasica.\" \/>\n<meta property=\"og:url\" content=\"https:\/\/mestizoproducciones.es\/en\/\" \/>\n<meta property=\"og:site_name\" content=\"Mestizo Producciones\" \/>\n<meta property=\"article:publisher\" content=\"https:\/\/www.facebook.com\/Mestizo-Producciones-Gij%c3%b3n-67646475399\/?fref=ts\" \/>\n<meta property=\"article:modified_time\" content=\"2026-05-06T09:36:42+00:00\" \/>\n<meta property=\"og:image\" content=\"https:\/\/mestizoproducciones.es\/wp-content\/uploads\/2021\/10\/cropped-Avatar-2.png\" \/>\n\t<meta property=\"og:image:width\" content=\"512\" \/>\n\t<meta property=\"og:image:height\" content=\"512\" \/>\n\t<meta property=\"og:image:type\" content=\"image\/png\" \/>\n<meta name=\"twitter:card\" content=\"summary_large_image\" \/>\n<meta name=\"twitter:label1\" content=\"Estimated reading time\" \/>\n\t<meta name=\"twitter:data1\" content=\"4 minutes\" \/>\n<script type=\"application\/ld+json\" class=\"yoast-schema-graph\">{\"@context\":\"https:\\\/\\\/schema.org\",\"@graph\":[{\"@type\":\"WebPage\",\"@id\":\"https:\\\/\\\/mestizoproducciones.es\\\/\",\"url\":\"https:\\\/\\\/mestizoproducciones.es\\\/\",\"name\":\"Mestizo Producciones - Vivimos por y para la m\u00fasica\",\"isPartOf\":{\"@id\":\"https:\\\/\\\/mestizoproducciones.es\\\/#website\"},\"primaryImageOfPage\":{\"@id\":\"https:\\\/\\\/mestizoproducciones.es\\\/#primaryimage\"},\"image\":{\"@id\":\"https:\\\/\\\/mestizoproducciones.es\\\/#primaryimage\"},\"thumbnailUrl\":\"https:\\\/\\\/mestizoproducciones.es\\\/wp-content\\\/uploads\\\/2021\\\/10\\\/cropped-Avatar-2.png\",\"datePublished\":\"2023-06-06T09:58:26+00:00\",\"dateModified\":\"2026-05-06T09:36:42+00:00\",\"description\":\"Producci\u00f3n, contrataci\u00f3n, representaci\u00f3n y comunicaci\u00f3n. Desde 1997 organizando conciertos. Vivimos por y para la m\u00fasica.\",\"breadcrumb\":{\"@id\":\"https:\\\/\\\/mestizoproducciones.es\\\/#breadcrumb\"},\"inLanguage\":\"en-GB\",\"potentialAction\":[{\"@type\":\"ReadAction\",\"target\":[\"https:\\\/\\\/mestizoproducciones.es\\\/\"]}]},{\"@type\":\"ImageObject\",\"inLanguage\":\"en-GB\",\"@id\":\"https:\\\/\\\/mestizoproducciones.es\\\/#primaryimage\",\"url\":\"https:\\\/\\\/mestizoproducciones.es\\\/wp-content\\\/uploads\\\/2021\\\/10\\\/cropped-Avatar-2.png\",\"contentUrl\":\"https:\\\/\\\/mestizoproducciones.es\\\/wp-content\\\/uploads\\\/2021\\\/10\\\/cropped-Avatar-2.png\",\"width\":512,\"height\":512,\"caption\":\"Mestizo Producciones\"},{\"@type\":\"BreadcrumbList\",\"@id\":\"https:\\\/\\\/mestizoproducciones.es\\\/#breadcrumb\",\"itemListElement\":[{\"@type\":\"ListItem\",\"position\":1,\"name\":\"Portada\",\"item\":\"https:\\\/\\\/mestizoproducciones.es\\\/\"},{\"@type\":\"ListItem\",\"position\":2,\"name\":\"Landing Page\"}]},{\"@type\":\"WebSite\",\"@id\":\"https:\\\/\\\/mestizoproducciones.es\\\/#website\",\"url\":\"https:\\\/\\\/mestizoproducciones.es\\\/\",\"name\":\"Mestizo Producciones\",\"description\":\"Producci\u00f3n, contrataci\u00f3n, representaci\u00f3n y comunicaci\u00f3n. Desde 1997.\",\"potentialAction\":[{\"@type\":\"SearchAction\",\"target\":{\"@type\":\"EntryPoint\",\"urlTemplate\":\"https:\\\/\\\/mestizoproducciones.es\\\/?s={search_term_string}\"},\"query-input\":{\"@type\":\"PropertyValueSpecification\",\"valueRequired\":true,\"valueName\":\"search_term_string\"}}],\"inLanguage\":\"en-GB\"}]}<\/script>\n<!-- \/ Yoast SEO plugin. -->","yoast_head_json":{"title":"Mestizo Producciones - Vivimos por y para la m\u00fasica","description":"Producci\u00f3n, contrataci\u00f3n, representaci\u00f3n y comunicaci\u00f3n. Desde 1997 organizando conciertos. Vivimos por y para la m\u00fasica.","robots":{"index":"index","follow":"follow","max-snippet":"max-snippet:-1","max-image-preview":"max-image-preview:large","max-video-preview":"max-video-preview:-1"},"canonical":"https:\/\/mestizoproducciones.es\/en\/","og_locale":"en_GB","og_type":"article","og_title":"Mestizo Producciones - Vivimos por y para la m\u00fasica","og_description":"Producci\u00f3n, contrataci\u00f3n, representaci\u00f3n y comunicaci\u00f3n. Desde 1997 organizando conciertos. Vivimos por y para la m\u00fasica.","og_url":"https:\/\/mestizoproducciones.es\/en\/","og_site_name":"Mestizo Producciones","article_publisher":"https:\/\/www.facebook.com\/Mestizo-Producciones-Gij%c3%b3n-67646475399\/?fref=ts","article_modified_time":"2026-05-06T09:36:42+00:00","og_image":[{"width":512,"height":512,"url":"https:\/\/mestizoproducciones.es\/wp-content\/uploads\/2021\/10\/cropped-Avatar-2.png","type":"image\/png"}],"twitter_card":"summary_large_image","twitter_misc":{"Estimated reading time":"4 minutes"},"schema":{"@context":"https:\/\/schema.org","@graph":[{"@type":"WebPage","@id":"https:\/\/mestizoproducciones.es\/","url":"https:\/\/mestizoproducciones.es\/","name":"Mestizo Producciones - Vivimos por y para la m\u00fasica","isPartOf":{"@id":"https:\/\/mestizoproducciones.es\/#website"},"primaryImageOfPage":{"@id":"https:\/\/mestizoproducciones.es\/#primaryimage"},"image":{"@id":"https:\/\/mestizoproducciones.es\/#primaryimage"},"thumbnailUrl":"https:\/\/mestizoproducciones.es\/wp-content\/uploads\/2021\/10\/cropped-Avatar-2.png","datePublished":"2023-06-06T09:58:26+00:00","dateModified":"2026-05-06T09:36:42+00:00","description":"Producci\u00f3n, contrataci\u00f3n, representaci\u00f3n y comunicaci\u00f3n. Desde 1997 organizando conciertos. Vivimos por y para la m\u00fasica.","breadcrumb":{"@id":"https:\/\/mestizoproducciones.es\/#breadcrumb"},"inLanguage":"en-GB","potentialAction":[{"@type":"ReadAction","target":["https:\/\/mestizoproducciones.es\/"]}]},{"@type":"ImageObject","inLanguage":"en-GB","@id":"https:\/\/mestizoproducciones.es\/#primaryimage","url":"https:\/\/mestizoproducciones.es\/wp-content\/uploads\/2021\/10\/cropped-Avatar-2.png","contentUrl":"https:\/\/mestizoproducciones.es\/wp-content\/uploads\/2021\/10\/cropped-Avatar-2.png","width":512,"height":512,"caption":"Mestizo Producciones"},{"@type":"BreadcrumbList","@id":"https:\/\/mestizoproducciones.es\/#breadcrumb","itemListElement":[{"@type":"ListItem","position":1,"name":"Portada","item":"https:\/\/mestizoproducciones.es\/"},{"@type":"ListItem","position":2,"name":"Landing Page"}]},{"@type":"WebSite","@id":"https:\/\/mestizoproducciones.es\/#website","url":"https:\/\/mestizoproducciones.es\/","name":"Mestizo Producciones","description":"Producci\u00f3n, contrataci\u00f3n, representaci\u00f3n y comunicaci\u00f3n. Desde 1997.","potentialAction":[{"@type":"SearchAction","target":{"@type":"EntryPoint","urlTemplate":"https:\/\/mestizoproducciones.es\/?s={search_term_string}"},"query-input":{"@type":"PropertyValueSpecification","valueRequired":true,"valueName":"search_term_string"}}],"inLanguage":"en-GB"}]}},"rttpg_featured_image_url":{"full":["https:\/\/mestizoproducciones.es\/wp-content\/uploads\/2021\/10\/cropped-Avatar-2.png",512,512,false],"landscape":["https:\/\/mestizoproducciones.es\/wp-content\/uploads\/2021\/10\/cropped-Avatar-2.png",512,512,false],"portraits":["https:\/\/mestizoproducciones.es\/wp-content\/uploads\/2021\/10\/cropped-Avatar-2.png",512,512,false],"thumbnail":["https:\/\/mestizoproducciones.es\/wp-content\/uploads\/2021\/10\/cropped-Avatar-2-150x150.png",150,150,true],"medium":["https:\/\/mestizoproducciones.es\/wp-content\/uploads\/2021\/10\/cropped-Avatar-2-300x300.png",300,300,true],"large":["https:\/\/mestizoproducciones.es\/wp-content\/uploads\/2021\/10\/cropped-Avatar-2.png",512,512,false],"1536x1536":["https:\/\/mestizoproducciones.es\/wp-content\/uploads\/2021\/10\/cropped-Avatar-2.png",512,512,false],"2048x2048":["https:\/\/mestizoproducciones.es\/wp-content\/uploads\/2021\/10\/cropped-Avatar-2.png",512,512,false],"trp-custom-language-flag":["https:\/\/mestizoproducciones.es\/wp-content\/uploads\/2021\/10\/cropped-Avatar-2.png",12,12,false],"post-thumbnail":["https:\/\/mestizoproducciones.es\/wp-content\/uploads\/2021\/10\/cropped-Avatar-2.png",512,512,false],"advps-thumb-one":["https:\/\/mestizoproducciones.es\/wp-content\/uploads\/2021\/10\/cropped-Avatar-2-512x220.png",512,220,true]},"rttpg_author":{"display_name":"i4life Tecnolog\u00eda y Desarrollo","author_link":"https:\/\/mestizoproducciones.es\/en\/author\/i4life\/"},"rttpg_comment":0,"rttpg_category":"","rttpg_excerpt":"Gij\u00f3n parada del world tour de Eliades Ochoa Cantante, guitarrista y compositor cubano y fundador del Buena Vista Social Club, posee una trayectoria excepcional Eliades Ochoa World Tour. !Como Nunca! Teatro de la Laboral &#8211; Gij\u00f3n Domingo\u00a06 de diciembre 2026 ENTRADAS A LA VENTA &nbsp; Eliades Ochoa, uno de los artistas m\u00e1s emblem\u00e1ticos de la&hellip;","_links":{"self":[{"href":"https:\/\/mestizoproducciones.es\/en\/wp-json\/wp\/v2\/pages\/8013","targetHints":{"allow":["GET"]}}],"collection":[{"href":"https:\/\/mestizoproducciones.es\/en\/wp-json\/wp\/v2\/pages"}],"about":[{"href":"https:\/\/mestizoproducciones.es\/en\/wp-json\/wp\/v2\/types\/page"}],"author":[{"embeddable":true,"href":"https:\/\/mestizoproducciones.es\/en\/wp-json\/wp\/v2\/users\/5"}],"replies":[{"embeddable":true,"href":"https:\/\/mestizoproducciones.es\/en\/wp-json\/wp\/v2\/comments?post=8013"}],"version-history":[{"count":652,"href":"https:\/\/mestizoproducciones.es\/en\/wp-json\/wp\/v2\/pages\/8013\/revisions"}],"predecessor-version":[{"id":11231,"href":"https:\/\/mestizoproducciones.es\/en\/wp-json\/wp\/v2\/pages\/8013\/revisions\/11231"}],"wp:featuredmedia":[{"embeddable":true,"href":"https:\/\/mestizoproducciones.es\/en\/wp-json\/wp\/v2\/media\/7654"}],"wp:attachment":[{"href":"https:\/\/mestizoproducciones.es\/en\/wp-json\/wp\/v2\/media?parent=8013"}],"curies":[{"name":"wp","href":"https:\/\/api.w.org\/{rel}","templated":true}]}}